{"id":8453,"date":"2021-01-21T19:26:07","date_gmt":"2021-01-21T22:26:07","guid":{"rendered":"http:\/\/sperandio.org\/?page_id=8453"},"modified":"2021-01-23T19:54:35","modified_gmt":"2021-01-23T22:54:35","slug":"nossa-origem1","status":"publish","type":"page","link":"https:\/\/sperandio.org\/index.php\/home\/nossa-origem1\/","title":{"rendered":"Nossa Origem: \u00abIntrodu\u00e7\u00e3o\u00bb"},"content":{"rendered":"\t\t<div data-elementor-type=\"wp-page\" data-elementor-id=\"8453\" class=\"elementor elementor-8453\">\n\t\t\t\t\t\t<section class=\"elementor-section elementor-top-section elementor-element elementor-element-c7543b1 elementor-section-boxed elementor-section-height-default elementor-section-height-default\" data-id=\"c7543b1\" data-element_type=\"section\" data-e-type=\"section\">\n\t\t\t\t\t\t<div class=\"elementor-container elementor-column-gap-default\">\n\t\t\t\t\t<div class=\"elementor-column elementor-col-100 elementor-top-column elementor-element elementor-element-1f4854e\" data-id=\"1f4854e\" data-element_type=\"column\" data-e-type=\"column\">\n\t\t\t<div class=\"elementor-widget-wrap elementor-element-populated\">\n\t\t\t\t\t\t<div class=\"elementor-element elementor-element-7ea8534 elementor-widget elementor-widget-text-editor\" data-id=\"7ea8534\" data-element_type=\"widget\" data-e-type=\"widget\" data-widget_type=\"text-editor.default\">\n\t\t\t\t<div class=\"elementor-widget-container\">\n\t\t\t\t\t\t\t\t\t<h3 class=\"has-text-align-center\">ERASMO SPERANDIO<\/h3><h2 class=\"has-text-align-center\">\u00abOrigens Hist\u00f3ricas e Descendentes\u00bb<\/h2><p class=\"has-text-align-center\"><em>Pouso Redondo \u2013 Outubro de 2004<\/em><\/p><h4 class=\"has-text-align-center\">Introdu\u00e7\u00e3o<\/h4><div><p class=\"has-text-align-center\">Ir. Joaquim SPERANDIO<\/p><\/div>\t\t\t\t\t\t\t\t<\/div>\n\t\t\t\t<\/div>\n\t\t\t\t\t<\/div>\n\t\t<\/div>\n\t\t\t\t\t<\/div>\n\t\t<\/section>\n\t\t\t\t<section class=\"elementor-section elementor-top-section elementor-element elementor-element-74e672a elementor-section-boxed elementor-section-height-default elementor-section-height-default\" data-id=\"74e672a\" data-element_type=\"section\" data-e-type=\"section\">\n\t\t\t\t\t\t<div class=\"elementor-container elementor-column-gap-default\">\n\t\t\t\t\t<div class=\"elementor-column elementor-col-100 elementor-top-column elementor-element elementor-element-bf67869\" data-id=\"bf67869\" data-element_type=\"column\" data-e-type=\"column\">\n\t\t\t<div class=\"elementor-widget-wrap elementor-element-populated\">\n\t\t\t\t\t\t<div class=\"elementor-element elementor-element-aaa7cec elementor-widget elementor-widget-image\" data-id=\"aaa7cec\" data-element_type=\"widget\" data-e-type=\"widget\" data-widget_type=\"image.default\">\n\t\t\t\t<div class=\"elementor-widget-container\">\n\t\t\t\t\t\t\t\t\t\t\t\t\t\t\t<img decoding=\"async\" src=\"https:\/\/sperandio.org\/wp-content\/uploads\/2020\/10\/cropped-grigno-stazione-di-tezze-3.jpg\" title=\"\" alt=\"\" loading=\"lazy\" \/>\t\t\t\t\t\t\t\t\t\t\t\t\t\t\t<\/div>\n\t\t\t\t<\/div>\n\t\t\t\t\t<\/div>\n\t\t<\/div>\n\t\t\t\t\t<\/div>\n\t\t<\/section>\n\t\t\t\t<section class=\"elementor-section elementor-top-section elementor-element elementor-element-1f54e5cf elementor-section-boxed elementor-section-height-default elementor-section-height-default\" data-id=\"1f54e5cf\" data-element_type=\"section\" data-e-type=\"section\">\n\t\t\t\t\t\t<div class=\"elementor-container elementor-column-gap-default\">\n\t\t\t\t\t<div class=\"elementor-column elementor-col-100 elementor-top-column elementor-element elementor-element-6f227c1b\" data-id=\"6f227c1b\" data-element_type=\"column\" data-e-type=\"column\">\n\t\t\t<div class=\"elementor-widget-wrap elementor-element-populated\">\n\t\t\t\t\t\t<div class=\"elementor-element elementor-element-c9b3d35 elementor-widget elementor-widget-text-editor\" data-id=\"c9b3d35\" data-element_type=\"widget\" data-e-type=\"widget\" data-widget_type=\"text-editor.default\">\n\t\t\t\t<div class=\"elementor-widget-container\">\n\t\t\t\t\t\t\t\t\t<p class=\"has-drop-cap\">Todo adolescente tem muitos sonhos. Alguns deles se realizam logo. Outros, acontecem mais tarde. Muitos nunca se tornam realidade.<\/p><p>Quando adolescente, um dia eu sonhei escrever a hist\u00f3ria da minha fam\u00edlia. Um romance, quem sabe, contando tudo o que aconteceu ao longo dos anos com meus pais e manos. Cheguei a recolher algumas informa\u00e7\u00f5es por meio de cartas e depoimentos. O sonho ficou nisso.<\/p><p>Mais tarde, o sonho voltou com algumas transforma\u00e7\u00f5es. J\u00e1 n\u00e3o seria a hist\u00f3ria, que poderia interessar a pouca gente, mas uma listagem de todos os descendentes diretos de Erasmo Sperandio e Carlos Franz\u00f3i, meus av\u00f3s. Pus-me a pesquisar e a recolher dados. Visitei parentes, li livros, escrevi cartas, mandei recados, fiz centenas de telefonemas. Foram muitas horas de trabalho. Finalmente o sonho tornou-se realidade.<\/p><p>O trabalho \u00e9 simples: Pequeno elenco das causas da emigra\u00e7\u00e3o da It\u00e1lia para outros pa\u00edses do mundo no final dos anos 1800 que nos ajuda a compreender os motivos que trouxe essa gente para pa\u00eds t\u00e3o distante como o Brasil. A t\u00edtulo de ilustra\u00e7\u00e3o, mapas e fotos tiradas do livro \u201cIl bel Trentino I\u201d e outras, tiradas de pr\u00f3prio punho, quando de minha visita \u00e0queles lugares aparecem antes dos cap\u00edtulos correspondentes.<\/p><p>Em tr\u00eas blocos diferentes aparece a nominata de todos os descendentes diretos de: 1- Erasmo Sperandio e Albina Dallagnelo Sperandio; 2- Carlos Franz\u00f3i e suas duas esposas: Clotilde Dalri Franz\u00f3i e Angelina Batisti Franz\u00f3i; 3- Os filhos de Albino Sperandio e Em\u00edlia Franz\u00f3i Sperandio, meus pais, nascidos at\u00e9 31 de dezembro de 1997.<\/p><p>Todas as informa\u00e7\u00f5es e curiosidades \u00fateis colhidas ao longo da pesquisa, foram colocadas na forma de notas de rodap\u00e9.<\/p><p>Devo esclarecer que, apesar dos esfor\u00e7os para apresentar uma pesquisa cient\u00edfica, certamente muitos dos nomes aparecem incorretos, se comparados com documentos oficiais. Muitos deles foram conseguidos por telefone ou mesmo por informa\u00e7\u00f5es de parentes e conhecidos que nem sempre tiveram o cuidado de checar as informa\u00e7\u00f5es e, portanto, s\u00e3o pass\u00edveis de incorre\u00e7\u00f5es. Mesmo assim, acredito que o trabalho tem um bom valor hist\u00f3rico.<\/p><p>Devo confessar que elaborar esta listagem de nomes deu-me muito trabalho, mas tamb\u00e9m, muito prazer. Poder conversar com centenas de parentes, muitos deles completamente desconhecidos, e assim iniciar ou estreitar la\u00e7os de amizade, sempre \u00e9 muito gratificante. A todos os que colaboraram e tornaram este trabalho poss\u00edvel, Deus lhes pague.<\/p><p>Em outubro de 2004, por ocasi\u00e3o da II festa dos Sperandios em Rio do Sul, veio a id\u00e9ia de lan\u00e7ar uma \u201capostila de consumo interno\u201d, somente com os nomes dos descendentes diretos de Erasmo Sperandio e algumas corre\u00e7\u00f5es poss\u00edveis. \u00c9 este material que est\u00e1 sendo apresentado agora.<\/p><p>Ir. Joaquim Sperandio<\/p>\t\t\t\t\t\t\t\t<\/div>\n\t\t\t\t<\/div>\n\t\t\t\t\t<\/div>\n\t\t<\/div>\n\t\t\t\t\t<\/div>\n\t\t<\/section>\n\t\t\t\t<\/div>\n\t\t","protected":false},"excerpt":{"rendered":"<p>ERASMO SPERANDIO \u00abOrigens Hist\u00f3ricas e Descendentes\u00bb Pouso Redondo \u2013 Outubro de 2004 Introdu\u00e7\u00e3o Ir. Joaquim SPERANDIO Todo adolescente tem muitos sonhos. Alguns deles se realizam logo. Outros, acontecem mais tarde. [&hellip;]<\/p>\n","protected":false},"author":1,"featured_media":9274,"parent":656,"menu_order":3,"comment_status":"closed","ping_status":"closed","template":"","meta":{"_acf_changed":false,"footnotes":""},"class_list":["post-8453","page","type-page","status-publish","has-post-thumbnail","hentry"],"acf":[],"_links":{"self":[{"href":"https:\/\/sperandio.org\/index.php\/wp-json\/wp\/v2\/pages\/8453","targetHints":{"allow":["GET"]}}],"collection":[{"href":"https:\/\/sperandio.org\/index.php\/wp-json\/wp\/v2\/pages"}],"about":[{"href":"https:\/\/sperandio.org\/index.php\/wp-json\/wp\/v2\/types\/page"}],"author":[{"embeddable":true,"href":"https:\/\/sperandio.org\/index.php\/wp-json\/wp\/v2\/users\/1"}],"replies":[{"embeddable":true,"href":"https:\/\/sperandio.org\/index.php\/wp-json\/wp\/v2\/comments?post=8453"}],"version-history":[{"count":13,"href":"https:\/\/sperandio.org\/index.php\/wp-json\/wp\/v2\/pages\/8453\/revisions"}],"predecessor-version":[{"id":9275,"href":"https:\/\/sperandio.org\/index.php\/wp-json\/wp\/v2\/pages\/8453\/revisions\/9275"}],"up":[{"embeddable":true,"href":"https:\/\/sperandio.org\/index.php\/wp-json\/wp\/v2\/pages\/656"}],"wp:featuredmedia":[{"embeddable":true,"href":"https:\/\/sperandio.org\/index.php\/wp-json\/wp\/v2\/media\/9274"}],"wp:attachment":[{"href":"https:\/\/sperandio.org\/index.php\/wp-json\/wp\/v2\/media?parent=8453"}],"curies":[{"name":"wp","href":"https:\/\/api.w.org\/{rel}","templated":true}]}}