{"id":7033,"date":"2020-09-16T22:04:08","date_gmt":"2020-09-17T01:04:08","guid":{"rendered":"https:\/\/familiasperandio.wordpress.com\/sobre\/"},"modified":"2021-01-21T20:29:01","modified_gmt":"2021-01-21T23:29:01","slug":"sobre","status":"publish","type":"page","link":"https:\/\/sperandio.org\/index.php\/home\/sobre\/","title":{"rendered":"Quem sou"},"content":{"rendered":"\t\t<div data-elementor-type=\"wp-page\" data-elementor-id=\"7033\" class=\"elementor elementor-7033\">\n\t\t\t\t\t\t<section class=\"elementor-section elementor-top-section elementor-element elementor-element-3f2d24bc elementor-section-boxed elementor-section-height-default elementor-section-height-default\" data-id=\"3f2d24bc\" data-element_type=\"section\" data-e-type=\"section\">\n\t\t\t\t\t\t<div class=\"elementor-container elementor-column-gap-default\">\n\t\t\t\t\t<div class=\"elementor-column elementor-col-100 elementor-top-column elementor-element elementor-element-1bad2c57\" data-id=\"1bad2c57\" data-element_type=\"column\" data-e-type=\"column\">\n\t\t\t<div class=\"elementor-widget-wrap elementor-element-populated\">\n\t\t\t\t\t\t<div class=\"elementor-element elementor-element-3a8c91d elementor-widget elementor-widget-text-editor\" data-id=\"3a8c91d\" data-element_type=\"widget\" data-e-type=\"widget\" data-widget_type=\"text-editor.default\">\n\t\t\t\t<div class=\"elementor-widget-container\">\n\t\t\t\t\t\t\t\t\t<p><\/p>\n<p class=\"has-text-align-justify has-medium-font-size\">Sou Pe. Andr\u00e9 (Jo\u00e3o Manoel) Sperandio, de S\u00e3o Jo\u00e3o Batista, SC, filho de <strong>Manoel Pr\u00f3spero Sperandio<\/strong> e <strong>Maria Gattis Sperandio<\/strong>, ambos falecidos, fam\u00edlia de 15 irm\u00e3os, 10 dos quais ainda vivemos.<\/p>\n<p><\/p>\n<p class=\"has-text-align-justify has-medium-font-size\">A ideia de organizar este blog &#8211; \u00abFam\u00edlia Sperandio\u00bb &#8211; nasceu do desejo de compartilhar tantas informa\u00e7\u00f5es recolhidas enquanto organizava nossa \u00e1rvore geneal\u00f3gica. Tantas informa\u00e7\u00f5es poderiam facilitar a pesquisa de quantos se disp\u00f5em a esta mesma tarefa. Durante algum tempo dediquei-me a atualizar regularmente o blog. Contudo, desde que nos despedimos de minha querida e saudosa m\u00e3e, j\u00e1 n\u00e3o restou muito \u00e2nimo e, durante algum tempo, pouca coisa foi acrescentada. Recentemente, revisitando o blog, percebi que h\u00e1 muito a fazer e, c\u00e1 estou de volta, come\u00e7ando com a atualiza\u00e7\u00e3o do visual do blog (template). Pretendo rever o que est\u00e1 publicado, corrigir as muitas falhas j\u00e1 encontradas e seguir mantendo atualizado com as not\u00edcias da fam\u00edlia.<\/p>\n<div class=\"wp-block-buttons aligncenter\">\n<p><\/p>\n<\/div>\n<p><!-- \/wp:buttons --><\/p>\t\t\t\t\t\t\t\t<\/div>\n\t\t\t\t<\/div>\n\t\t\t\t\t<\/div>\n\t\t<\/div>\n\t\t\t\t\t<\/div>\n\t\t<\/section>\n\t\t\t\t<section class=\"elementor-section elementor-top-section elementor-element elementor-element-5238516 elementor-section-boxed elementor-section-height-default elementor-section-height-default\" data-id=\"5238516\" data-element_type=\"section\" data-e-type=\"section\">\n\t\t\t\t\t\t<div class=\"elementor-container elementor-column-gap-default\">\n\t\t\t\t\t<div class=\"elementor-column elementor-col-100 elementor-top-column elementor-element elementor-element-ee89954\" data-id=\"ee89954\" data-element_type=\"column\" data-e-type=\"column\">\n\t\t\t<div class=\"elementor-widget-wrap elementor-element-populated\">\n\t\t\t\t\t\t<div class=\"elementor-element elementor-element-39cf8d0 elementor-widget-divider--view-line_icon elementor-view-default elementor-widget elementor-widget-divider\" data-id=\"39cf8d0\" data-element_type=\"widget\" data-e-type=\"widget\" data-widget_type=\"divider.default\">\n\t\t\t\t<div class=\"elementor-widget-container\">\n\t\t\t\t\t\t\t<div class=\"elementor-divider\">\n\t\t\t<span class=\"elementor-divider-separator\">\n\t\t\t\t\t\t\t<div class=\"elementor-icon elementor-divider__element\">\n\t\t\t\t\t<i aria-hidden=\"true\" class=\"fas fa-users\"><\/i><\/div>\n\t\t\t\t\t\t<\/span>\n\t\t<\/div>\n\t\t\t\t\t\t<\/div>\n\t\t\t\t<\/div>\n\t\t\t\t\t<\/div>\n\t\t<\/div>\n\t\t\t\t\t<\/div>\n\t\t<\/section>\n\t\t\t\t<section class=\"elementor-section elementor-top-section elementor-element elementor-element-5f9534d elementor-section-boxed elementor-section-height-default elementor-section-height-default\" data-id=\"5f9534d\" data-element_type=\"section\" data-e-type=\"section\">\n\t\t\t\t\t\t<div class=\"elementor-container elementor-column-gap-default\">\n\t\t\t\t\t<div class=\"elementor-column elementor-col-100 elementor-top-column elementor-element elementor-element-feef363\" data-id=\"feef363\" data-element_type=\"column\" data-e-type=\"column\">\n\t\t\t<div class=\"elementor-widget-wrap elementor-element-populated\">\n\t\t\t\t\t\t<div class=\"elementor-element elementor-element-1d56437 elementor-widget elementor-widget-heading\" data-id=\"1d56437\" data-element_type=\"widget\" data-e-type=\"widget\" data-widget_type=\"heading.default\">\n\t\t\t\t<div class=\"elementor-widget-container\">\n\t\t\t\t\t<h2 class=\"elementor-heading-title elementor-size-default\">O QUE DIZEM OS QUE NOS VISITAM:<\/h2>\t\t\t\t<\/div>\n\t\t\t\t<\/div>\n\t\t\t\t\t<\/div>\n\t\t<\/div>\n\t\t\t\t\t<\/div>\n\t\t<\/section>\n\t\t\t\t<section class=\"elementor-section elementor-top-section elementor-element elementor-element-5f544ca elementor-section-boxed elementor-section-height-default elementor-section-height-default\" data-id=\"5f544ca\" data-element_type=\"section\" data-e-type=\"section\">\n\t\t\t\t\t\t<div class=\"elementor-container elementor-column-gap-default\">\n\t\t\t\t\t<div class=\"elementor-column elementor-col-33 elementor-top-column elementor-element elementor-element-124b605\" data-id=\"124b605\" data-element_type=\"column\" data-e-type=\"column\">\n\t\t\t<div class=\"elementor-widget-wrap elementor-element-populated\">\n\t\t\t\t\t\t<div class=\"elementor-element elementor-element-256339b elementor-widget elementor-widget-text-editor\" data-id=\"256339b\" data-element_type=\"widget\" data-e-type=\"widget\" data-widget_type=\"text-editor.default\">\n\t\t\t\t<div class=\"elementor-widget-container\">\n\t\t\t\t\t\t\t\t\t<p><em>Gostaria de agradecer e parabenizar pelo esfor\u00e7o e pela hist\u00f3ria disponibilizada para aqueles que desejam conhecer sua origem. Aprendi muito sobre a minha fam\u00edlia com as hist\u00f3rias dos meus av\u00f3s e parentes, mas sempre tive vontade de me aprofundar nestas quest\u00f5es. Gra\u00e7as a voc\u00ea, pude conhecer um pouco mais.<\/em><\/p>\n<p>Guilherme Henrique Sperandio de Campos | Curitiba, PR\u00a0<\/p>\t\t\t\t\t\t\t\t<\/div>\n\t\t\t\t<\/div>\n\t\t\t\t\t<\/div>\n\t\t<\/div>\n\t\t\t\t<div class=\"elementor-column elementor-col-33 elementor-top-column elementor-element elementor-element-1d86bea\" data-id=\"1d86bea\" data-element_type=\"column\" data-e-type=\"column\">\n\t\t\t<div class=\"elementor-widget-wrap elementor-element-populated\">\n\t\t\t\t\t\t<div class=\"elementor-element elementor-element-773abd6 elementor-widget elementor-widget-text-editor\" data-id=\"773abd6\" data-element_type=\"widget\" data-e-type=\"widget\" data-widget_type=\"text-editor.default\">\n\t\t\t\t<div class=\"elementor-widget-container\">\n\t\t\t\t\t\t\t\t\t<p><em>Pesquisas excepcionais, muito feliz de poder saber um pouquinho dessas historias. Sou neto de Carlos Esperandio nascido em S\u00e3o Jo\u00e3o do Iva\u00ed-PR<\/em>.<\/p>\n<p>Rafael Esperandio | S\u00e3o Jos\u00e9 dos Campos, SP<\/p>\t\t\t\t\t\t\t\t<\/div>\n\t\t\t\t<\/div>\n\t\t\t\t\t<\/div>\n\t\t<\/div>\n\t\t\t\t<div class=\"elementor-column elementor-col-33 elementor-top-column elementor-element elementor-element-e71eb7d\" data-id=\"e71eb7d\" data-element_type=\"column\" data-e-type=\"column\">\n\t\t\t<div class=\"elementor-widget-wrap elementor-element-populated\">\n\t\t\t\t\t\t<div class=\"elementor-element elementor-element-3e3a9cd elementor-widget elementor-widget-text-editor\" data-id=\"3e3a9cd\" data-element_type=\"widget\" data-e-type=\"widget\" data-widget_type=\"text-editor.default\">\n\t\t\t\t<div class=\"elementor-widget-container\">\n\t\t\t\t\t\t\t\t\t<p><em>Mesmo n\u00e3o sabendo muito da origem do bisav\u00f4 paterno me enternece ter maiores dados da fam\u00edlia. Pois uma vez me foi dito que este sobrenome remeteria a roda dos enjeitados na Idade M\u00e9dia. H\u00e1 &#8220;Sperandios&#8221; em S\u00e3o Paulo, tanto no interior como na capital. Av\u00f4 Dion\u00edsio, Bisav\u00f4 \u00c2ngelo.<\/em><\/p>\n<p>\u00a0<\/p>\n<p>M\u00f4nica Sperandio<\/p>\t\t\t\t\t\t\t\t<\/div>\n\t\t\t\t<\/div>\n\t\t\t\t\t<\/div>\n\t\t<\/div>\n\t\t\t\t\t<\/div>\n\t\t<\/section>\n\t\t\t\t<section class=\"elementor-section elementor-top-section elementor-element elementor-element-2f9b0bd elementor-section-boxed elementor-section-height-default elementor-section-height-default\" data-id=\"2f9b0bd\" data-element_type=\"section\" data-e-type=\"section\">\n\t\t\t\t\t\t<div class=\"elementor-container elementor-column-gap-default\">\n\t\t\t\t\t<div class=\"elementor-column elementor-col-100 elementor-top-column elementor-element elementor-element-64443df\" data-id=\"64443df\" data-element_type=\"column\" data-e-type=\"column\">\n\t\t\t<div class=\"elementor-widget-wrap elementor-element-populated\">\n\t\t\t\t\t\t<div class=\"elementor-element elementor-element-28bb192 elementor-widget-divider--view-line_icon elementor-view-default elementor-widget elementor-widget-divider\" data-id=\"28bb192\" data-element_type=\"widget\" data-e-type=\"widget\" data-widget_type=\"divider.default\">\n\t\t\t\t<div class=\"elementor-widget-container\">\n\t\t\t\t\t\t\t<div class=\"elementor-divider\">\n\t\t\t<span class=\"elementor-divider-separator\">\n\t\t\t\t\t\t\t<div class=\"elementor-icon elementor-divider__element\">\n\t\t\t\t\t<i aria-hidden=\"true\" class=\"fas fa-users\"><\/i><\/div>\n\t\t\t\t\t\t<\/span>\n\t\t<\/div>\n\t\t\t\t\t\t<\/div>\n\t\t\t\t<\/div>\n\t\t\t\t\t<\/div>\n\t\t<\/div>\n\t\t\t\t\t<\/div>\n\t\t<\/section>\n\t\t\t\t<section class=\"elementor-section elementor-top-section elementor-element elementor-element-251a3ad elementor-section-boxed elementor-section-height-default elementor-section-height-default\" data-id=\"251a3ad\" data-element_type=\"section\" data-e-type=\"section\">\n\t\t\t\t\t\t<div class=\"elementor-container elementor-column-gap-default\">\n\t\t\t\t\t<div class=\"elementor-column elementor-col-100 elementor-top-column elementor-element elementor-element-2ad3c46\" data-id=\"2ad3c46\" data-element_type=\"column\" data-e-type=\"column\">\n\t\t\t<div class=\"elementor-widget-wrap elementor-element-populated\">\n\t\t\t\t\t\t<div class=\"elementor-element elementor-element-5f9e04a elementor-widget elementor-widget-heading\" data-id=\"5f9e04a\" data-element_type=\"widget\" data-e-type=\"widget\" data-widget_type=\"heading.default\">\n\t\t\t\t<div class=\"elementor-widget-container\">\n\t\t\t\t\t<h2 class=\"elementor-heading-title elementor-size-default\">Veja de onde vieram nossos antepassados, a pequena Tezze de Grigno (It\u00e1lia)<\/h2>\t\t\t\t<\/div>\n\t\t\t\t<\/div>\n\t\t\t\t\t<\/div>\n\t\t<\/div>\n\t\t\t\t\t<\/div>\n\t\t<\/section>\n\t\t\t\t<section class=\"elementor-section elementor-top-section elementor-element elementor-element-ead0421 elementor-section-boxed elementor-section-height-default elementor-section-height-default\" data-id=\"ead0421\" data-element_type=\"section\" data-e-type=\"section\">\n\t\t\t\t\t\t<div class=\"elementor-container elementor-column-gap-default\">\n\t\t\t\t\t<div class=\"elementor-column elementor-col-100 elementor-top-column elementor-element elementor-element-e88d594\" data-id=\"e88d594\" data-element_type=\"column\" data-e-type=\"column\">\n\t\t\t<div class=\"elementor-widget-wrap elementor-element-populated\">\n\t\t\t\t\t\t<div class=\"elementor-element elementor-element-826d810 elementor-align-center elementor-widget elementor-widget-button\" data-id=\"826d810\" data-element_type=\"widget\" data-e-type=\"widget\" data-widget_type=\"button.default\">\n\t\t\t\t<div class=\"elementor-widget-container\">\n\t\t\t\t\t\t\t\t\t<div class=\"elementor-button-wrapper\">\n\t\t\t\t\t<a class=\"elementor-button elementor-button-link elementor-size-md\" href=\"https:\/\/photos.app.goo.gl\/xjAsgYADxANCYGmg6\" target=\"_blank\">\n\t\t\t\t\t\t<span class=\"elementor-button-content-wrapper\">\n\t\t\t\t\t\t<span class=\"elementor-button-icon\">\n\t\t\t\t<i aria-hidden=\"true\" class=\"fas fa-photo-video\"><\/i>\t\t\t<\/span>\n\t\t\t\t\t\t\t\t\t<span class=\"elementor-button-text\">\u00c1lbum Google fotos<\/span>\n\t\t\t\t\t<\/span>\n\t\t\t\t\t<\/a>\n\t\t\t\t<\/div>\n\t\t\t\t\t\t\t\t<\/div>\n\t\t\t\t<\/div>\n\t\t\t\t\t<\/div>\n\t\t<\/div>\n\t\t\t\t\t<\/div>\n\t\t<\/section>\n\t\t\t\t<\/div>\n\t\t","protected":false},"excerpt":{"rendered":"<p>Sou Pe. Andr\u00e9 (Jo\u00e3o Manoel) Sperandio, de S\u00e3o Jo\u00e3o Batista, SC, filho de Manoel Pr\u00f3spero Sperandio e Maria Gattis Sperandio, ambos falecidos, fam\u00edlia de 15 irm\u00e3os, 10 dos quais ainda [&hellip;]<\/p>\n","protected":false},"author":1,"featured_media":8259,"parent":656,"menu_order":1,"comment_status":"closed","ping_status":"closed","template":"","meta":{"_acf_changed":false,"footnotes":""},"class_list":["post-7033","page","type-page","status-publish","has-post-thumbnail","hentry"],"acf":[],"_links":{"self":[{"href":"https:\/\/sperandio.org\/index.php\/wp-json\/wp\/v2\/pages\/7033","targetHints":{"allow":["GET"]}}],"collection":[{"href":"https:\/\/sperandio.org\/index.php\/wp-json\/wp\/v2\/pages"}],"about":[{"href":"https:\/\/sperandio.org\/index.php\/wp-json\/wp\/v2\/types\/page"}],"author":[{"embeddable":true,"href":"https:\/\/sperandio.org\/index.php\/wp-json\/wp\/v2\/users\/1"}],"replies":[{"embeddable":true,"href":"https:\/\/sperandio.org\/index.php\/wp-json\/wp\/v2\/comments?post=7033"}],"version-history":[{"count":18,"href":"https:\/\/sperandio.org\/index.php\/wp-json\/wp\/v2\/pages\/7033\/revisions"}],"predecessor-version":[{"id":8489,"href":"https:\/\/sperandio.org\/index.php\/wp-json\/wp\/v2\/pages\/7033\/revisions\/8489"}],"up":[{"embeddable":true,"href":"https:\/\/sperandio.org\/index.php\/wp-json\/wp\/v2\/pages\/656"}],"wp:featuredmedia":[{"embeddable":true,"href":"https:\/\/sperandio.org\/index.php\/wp-json\/wp\/v2\/media\/8259"}],"wp:attachment":[{"href":"https:\/\/sperandio.org\/index.php\/wp-json\/wp\/v2\/media?parent=7033"}],"curies":[{"name":"wp","href":"https:\/\/api.w.org\/{rel}","templated":true}]}}