{"id":656,"date":"2009-08-30T22:02:40","date_gmt":"2009-08-31T01:02:40","guid":{"rendered":"http:\/\/ecclesia.com.br\/family\/?page_id=656"},"modified":"2024-09-19T10:22:35","modified_gmt":"2024-09-19T13:22:35","slug":"home","status":"publish","type":"page","link":"https:\/\/sperandio.org\/","title":{"rendered":"Bem-vindos!"},"content":{"rendered":"\t\t<div data-elementor-type=\"wp-page\" data-elementor-id=\"656\" class=\"elementor elementor-656\">\n\t\t\t\t\t\t<section class=\"elementor-section elementor-top-section elementor-element elementor-element-f25c760 elementor-section-boxed elementor-section-height-default elementor-section-height-default\" data-id=\"f25c760\" data-element_type=\"section\" data-e-type=\"section\">\n\t\t\t\t\t\t<div class=\"elementor-container elementor-column-gap-default\">\n\t\t\t\t\t<div class=\"elementor-column elementor-col-100 elementor-top-column elementor-element elementor-element-4819d13\" data-id=\"4819d13\" data-element_type=\"column\" data-e-type=\"column\">\n\t\t\t<div class=\"elementor-widget-wrap elementor-element-populated\">\n\t\t\t\t\t\t<div class=\"elementor-element elementor-element-ee9e066 elementor-widget elementor-widget-testimonial\" data-id=\"ee9e066\" data-element_type=\"widget\" data-e-type=\"widget\" data-widget_type=\"testimonial.default\">\n\t\t\t\t<div class=\"elementor-widget-container\">\n\t\t\t\t\t\t\t<div class=\"elementor-testimonial-wrapper\">\n\t\t\t\t\t\t\t<div class=\"elementor-testimonial-content\">Aqui reunimos um importante conte\u00fado de pesquisa sobre a nossa Fam\u00edlia, desde que os primeiros migrantes, procedentes de Grigno, em Trento, It\u00e1lia, desembarcaram, no ano de 1875, nesta long\u00ednqua terra da Am\u00e9rica do Sul, fixando-se em NOVA TRENTO e na regi\u00e3o de NOVA IT\u00c1LIA, atual S\u00c3O JO\u00c3O BATISTA, SC.\u00a0\n\nHonra-nos descendermos destes corajosos homens e mulheres aos quais prestamos, com este espa\u00e7o, a nossa mais justa homenagem; e que a mem\u00f3ria de todos eles seja eterna!\u00a0\n\nObrigado por sua visita! Toda contribui\u00e7\u00e3o poder\u00e1 enriquecer ainda mais este blog e, portanto, ser\u00e1 sempre bem-vinda!<\/div>\n\t\t\t\n\t\t\t\t\t\t<div class=\"elementor-testimonial-meta elementor-has-image elementor-testimonial-image-position-aside\">\n\t\t\t\t<div class=\"elementor-testimonial-meta-inner\">\n\t\t\t\t\t\t\t\t\t\t\t<div class=\"elementor-testimonial-image\">\n\t\t\t\t\t\t\t<img fetchpriority=\"high\" decoding=\"async\" width=\"545\" height=\"545\" src=\"https:\/\/sperandio.org\/wp-content\/uploads\/2023\/09\/perfil.jpg\" class=\"attachment-full size-full wp-image-13358\" alt=\"\" srcset=\"https:\/\/sperandio.org\/wp-content\/uploads\/2023\/09\/perfil.jpg 545w, https:\/\/sperandio.org\/wp-content\/uploads\/2023\/09\/perfil-300x300.jpg 300w, https:\/\/sperandio.org\/wp-content\/uploads\/2023\/09\/perfil-150x150.jpg 150w, https:\/\/sperandio.org\/wp-content\/uploads\/2023\/09\/perfil-400x400.jpg 400w\" sizes=\"(max-width: 545px) 100vw, 545px\" \/>\t\t\t\t\t\t<\/div>\n\t\t\t\t\t\n\t\t\t\t\t\t\t\t\t\t<div class=\"elementor-testimonial-details\">\n\t\t\t\t\t\t\t\t\t\t\t\t\t\t<div class=\"elementor-testimonial-name\">Pe. Andr\u00e9 Sperandio<\/div>\n\t\t\t\t\t\t\t\t\t\t\t\t\t\t\t\t\t\t\t<\/div>\n\t\t\t\t\t\t\t\t\t<\/div>\n\t\t\t<\/div>\n\t\t\t\t\t<\/div>\n\t\t\t\t\t\t<\/div>\n\t\t\t\t<\/div>\n\t\t\t\t\t<\/div>\n\t\t<\/div>\n\t\t\t\t\t<\/div>\n\t\t<\/section>\n\t\t\t\t<\/div>\n\t\t","protected":false},"excerpt":{"rendered":"<p>Aqui reunimos um importante conte\u00fado de pesquisa sobre a nossa Fam\u00edlia, desde que os primeiros migrantes, procedentes de Grigno, em Trento, It\u00e1lia, desembarcaram, no ano de 1875, nesta long\u00ednqua terra [&hellip;]<\/p>\n","protected":false},"author":1,"featured_media":5047,"parent":0,"menu_order":1,"comment_status":"closed","ping_status":"closed","template":"","meta":{"_acf_changed":false,"footnotes":""},"class_list":["post-656","page","type-page","status-publish","has-post-thumbnail","hentry"],"acf":[],"_links":{"self":[{"href":"https:\/\/sperandio.org\/index.php\/wp-json\/wp\/v2\/pages\/656","targetHints":{"allow":["GET"]}}],"collection":[{"href":"https:\/\/sperandio.org\/index.php\/wp-json\/wp\/v2\/pages"}],"about":[{"href":"https:\/\/sperandio.org\/index.php\/wp-json\/wp\/v2\/types\/page"}],"author":[{"embeddable":true,"href":"https:\/\/sperandio.org\/index.php\/wp-json\/wp\/v2\/users\/1"}],"replies":[{"embeddable":true,"href":"https:\/\/sperandio.org\/index.php\/wp-json\/wp\/v2\/comments?post=656"}],"version-history":[{"count":48,"href":"https:\/\/sperandio.org\/index.php\/wp-json\/wp\/v2\/pages\/656\/revisions"}],"predecessor-version":[{"id":13656,"href":"https:\/\/sperandio.org\/index.php\/wp-json\/wp\/v2\/pages\/656\/revisions\/13656"}],"wp:featuredmedia":[{"embeddable":true,"href":"https:\/\/sperandio.org\/index.php\/wp-json\/wp\/v2\/media\/5047"}],"wp:attachment":[{"href":"https:\/\/sperandio.org\/index.php\/wp-json\/wp\/v2\/media?parent=656"}],"curies":[{"name":"wp","href":"https:\/\/api.w.org\/{rel}","templated":true}]}}