{"id":6332,"date":"2015-05-04T14:37:33","date_gmt":"2015-05-04T17:37:33","guid":{"rendered":"http:\/\/sperandio.org\/?page_id=6332"},"modified":"2021-07-14T18:48:20","modified_gmt":"2021-07-14T21:48:20","slug":"livro-de-visitas","status":"publish","type":"page","link":"https:\/\/sperandio.org\/index.php\/livro-de-visitas\/","title":{"rendered":"Livro de Visitas"},"content":{"rendered":"\t\t<div data-elementor-type=\"wp-page\" data-elementor-id=\"6332\" class=\"elementor elementor-6332\">\n\t\t\t\t\t\t<section class=\"elementor-section elementor-top-section elementor-element elementor-element-55ef36cd elementor-section-boxed elementor-section-height-default elementor-section-height-default\" data-id=\"55ef36cd\" data-element_type=\"section\" data-e-type=\"section\">\n\t\t\t\t\t\t<div class=\"elementor-container elementor-column-gap-default\">\n\t\t\t\t\t<div class=\"elementor-column elementor-col-100 elementor-top-column elementor-element elementor-element-37a7c390\" data-id=\"37a7c390\" data-element_type=\"column\" data-e-type=\"column\">\n\t\t\t<div class=\"elementor-widget-wrap elementor-element-populated\">\n\t\t\t\t\t\t\t<\/div>\n\t\t<\/div>\n\t\t\t\t\t<\/div>\n\t\t<\/section>\n\t\t\t\t<section class=\"elementor-section elementor-top-section elementor-element elementor-element-783ad48 elementor-section-boxed elementor-section-height-default elementor-section-height-default\" data-id=\"783ad48\" data-element_type=\"section\" data-e-type=\"section\">\n\t\t\t\t\t\t<div class=\"elementor-container elementor-column-gap-default\">\n\t\t\t\t\t<div class=\"elementor-column elementor-col-100 elementor-top-column elementor-element elementor-element-cbb3107\" data-id=\"cbb3107\" data-element_type=\"column\" data-e-type=\"column\">\n\t\t\t<div class=\"elementor-widget-wrap elementor-element-populated\">\n\t\t\t\t\t\t<div class=\"elementor-element elementor-element-7ba2a99 elementor-widget elementor-widget-text-editor\" data-id=\"7ba2a99\" data-element_type=\"widget\" data-e-type=\"widget\" data-widget_type=\"text-editor.default\">\n\t\t\t\t<div class=\"elementor-widget-container\">\n\t\t\t\t\t\t\t\t\t<p>Que bom que voc\u00ea est\u00e1 nos visitando. Por favor, envie-nos sua opini\u00e3o ou contribui\u00e7\u00f5es ao Blog de nossa Fam\u00edlia preenchendo o formul\u00e1rio abaixo, ou no espa\u00e7o para coment\u00e1rios, ao final desta p\u00e1gina, e registre a sua visita.\u200b<\/p>\t\t\t\t\t\t\t\t<\/div>\n\t\t\t\t<\/div>\n\t\t\t\t\t<\/div>\n\t\t<\/div>\n\t\t\t\t\t<\/div>\n\t\t<\/section>\n\t\t\t\t<section class=\"elementor-section elementor-top-section elementor-element elementor-element-086e433 elementor-section-boxed elementor-section-height-default elementor-section-height-default\" data-id=\"086e433\" data-element_type=\"section\" data-e-type=\"section\">\n\t\t\t\t\t\t<div class=\"elementor-container elementor-column-gap-default\">\n\t\t\t\t\t<div class=\"elementor-column elementor-col-100 elementor-top-column elementor-element elementor-element-f23f293\" data-id=\"f23f293\" data-element_type=\"column\" data-e-type=\"column\">\n\t\t\t<div class=\"elementor-widget-wrap elementor-element-populated\">\n\t\t\t\t\t\t<div class=\"elementor-element elementor-element-eed3002 eael-wpforms-labels-yes eael-wpforms-form-button-custom elementor-widget elementor-widget-eael-wpforms\" data-id=\"eed3002\" data-element_type=\"widget\" data-e-type=\"widget\" data-widget_type=\"eael-wpforms.default\">\n\t\t\t\t<div class=\"elementor-widget-container\">\n\t\t\t\t\t            <div class=\"eael-contact-form eael-wpforms eael-wpforms-align-default\">\n                                <div class=\"wpforms-container wpforms-container-full\" id=\"wpforms-7518\"><form id=\"wpforms-form-7518\" class=\"wpforms-validate wpforms-form\" data-formid=\"7518\" method=\"post\" enctype=\"multipart\/form-data\" action=\"\/index.php\/wp-json\/wp\/v2\/pages\/6332\" data-token=\"212e7075707e6faf1f81daf46838a058\" data-token-time=\"1778156705\"><div class=\"wpforms-head-container\"><\/div><noscript class=\"wpforms-error-noscript\">Ative o JavaScript no seu navegador para preencher este formul\u00e1rio.<\/noscript><div class=\"wpforms-field-container\"><div id=\"wpforms-7518-field_0-container\" class=\"wpforms-field wpforms-field-name\" data-field-id=\"0\"><label class=\"wpforms-field-label\">Identifica\u00e7\u00e3o <span class=\"wpforms-required-label\">*<\/span><\/label><div class=\"wpforms-field-row wpforms-field-medium\"><div class=\"wpforms-field-row-block wpforms-first wpforms-one-half\"><input type=\"text\" id=\"wpforms-7518-field_0\" class=\"wpforms-field-name-first wpforms-field-required\" name=\"wpforms[fields][0][first]\" required><label for=\"wpforms-7518-field_0\" class=\"wpforms-field-sublabel after\">Nome<\/label><\/div><div class=\"wpforms-field-row-block wpforms-one-half\"><input type=\"text\" id=\"wpforms-7518-field_0-last\" class=\"wpforms-field-name-last wpforms-field-required\" name=\"wpforms[fields][0][last]\" required><label for=\"wpforms-7518-field_0-last\" class=\"wpforms-field-sublabel after\">Sobrenome<\/label><\/div><\/div><\/div><div id=\"wpforms-7518-field_1-container\" class=\"wpforms-field wpforms-field-email\" data-field-id=\"1\"><label class=\"wpforms-field-label\" for=\"wpforms-7518-field_1\">E-mail: <span class=\"wpforms-required-label\">*<\/span><\/label><input type=\"email\" id=\"wpforms-7518-field_1\" class=\"wpforms-field-medium wpforms-field-required\" name=\"wpforms[fields][1]\" spellcheck=\"false\" required><div class=\"wpforms-field-description\">Digite seu e-mail para que possamos seguir nos comunicando com voc\u00ea.<\/div><\/div><div id=\"wpforms-7518-field_6-container\" class=\"wpforms-field wpforms-field-text\" data-field-id=\"6\"><label class=\"wpforms-field-label\" for=\"wpforms-7518-field_6\">Cidade | UF<\/label><input type=\"text\" id=\"wpforms-7518-field_6\" class=\"wpforms-field-medium\" name=\"wpforms[fields][6]\" ><\/div><div id=\"wpforms-7518-field_4-container\" class=\"wpforms-field wpforms-field-textarea\" data-field-id=\"4\"><label class=\"wpforms-field-label\" for=\"wpforms-7518-field_4\">Sua mensagem, sugest\u00e3o, corre\u00e7\u00e3o, cr\u00edtica ou coment\u00e1rio: <span class=\"wpforms-required-label\">*<\/span><\/label><textarea id=\"wpforms-7518-field_4\" class=\"wpforms-field-medium wpforms-field-required\" name=\"wpforms[fields][4]\" required><\/textarea><\/div><\/div><!-- .wpforms-field-container --><div class=\"wpforms-submit-container\" ><input type=\"hidden\" name=\"wpforms[id]\" value=\"7518\"><input type=\"hidden\" name=\"page_title\" value=\"\"><input type=\"hidden\" name=\"page_url\" value=\"https:\/\/sperandio.org\/index.php\/wp-json\/wp\/v2\/pages\/6332\"><input type=\"hidden\" name=\"url_referer\" value=\"\"><button type=\"submit\" name=\"wpforms[submit]\" id=\"wpforms-submit-7518\" class=\"wpforms-submit\" data-alt-text=\"Enviando...\" data-submit-text=\"Enviar\" aria-live=\"assertive\" value=\"wpforms-submit\">Enviar<\/button><\/div><\/form><\/div>  <!-- .wpforms-container -->            <\/div>\n\t\t\t\t<\/div>\n\t\t\t\t<\/div>\n\t\t\t\t\t<\/div>\n\t\t<\/div>\n\t\t\t\t\t<\/div>\n\t\t<\/section>\n\t\t\t\t<section class=\"elementor-section elementor-top-section elementor-element elementor-element-15bb0d3 elementor-section-boxed elementor-section-height-default elementor-section-height-default\" data-id=\"15bb0d3\" data-element_type=\"section\" data-e-type=\"section\">\n\t\t\t\t\t\t<div class=\"elementor-container elementor-column-gap-default\">\n\t\t\t\t\t<div class=\"elementor-column elementor-col-100 elementor-top-column elementor-element elementor-element-b598dac\" data-id=\"b598dac\" data-element_type=\"column\" data-e-type=\"column\">\n\t\t\t<div class=\"elementor-widget-wrap elementor-element-populated\">\n\t\t\t\t\t\t<div class=\"elementor-element elementor-element-9f5ed27 elementor-widget-divider--view-line_icon elementor-widget-divider--separator-type-pattern elementor-widget-divider--no-spacing elementor-view-default elementor-widget-divider--element-align-center elementor-widget elementor-widget-divider\" data-id=\"9f5ed27\" data-element_type=\"widget\" data-e-type=\"widget\" data-widget_type=\"divider.default\">\n\t\t\t\t<div class=\"elementor-widget-container\">\n\t\t\t\t\t\t\t<div class=\"elementor-divider\" style=\"--divider-pattern-url: url(&quot;data:image\/svg+xml,%3Csvg xmlns=&#039;http:\/\/www.w3.org\/2000\/svg&#039; preserveAspectRatio=&#039;none&#039; overflow=&#039;visible&#039; height=&#039;100%&#039; viewBox=&#039;0 0 24 24&#039; fill=&#039;black&#039; stroke=&#039;none&#039;%3E%3Cpath d=&#039;M24,8v12H0V8H24z M24,4v1H0V4H24z&#039;\/%3E%3C\/svg%3E&quot;);\">\n\t\t\t<span class=\"elementor-divider-separator\">\n\t\t\t\t\t\t\t<div class=\"elementor-icon elementor-divider__element\">\n\t\t\t\t\t<i aria-hidden=\"true\" class=\"fas fa-book-open\"><\/i><\/div>\n\t\t\t\t\t\t<\/span>\n\t\t<\/div>\n\t\t\t\t\t\t<\/div>\n\t\t\t\t<\/div>\n\t\t\t\t\t<\/div>\n\t\t<\/div>\n\t\t\t\t\t<\/div>\n\t\t<\/section>\n\t\t\t\t<section class=\"elementor-section elementor-top-section elementor-element elementor-element-12c95bd elementor-section-boxed elementor-section-height-default elementor-section-height-default\" data-id=\"12c95bd\" data-element_type=\"section\" data-e-type=\"section\">\n\t\t\t\t\t\t<div class=\"elementor-container elementor-column-gap-default\">\n\t\t\t\t\t<div class=\"elementor-column elementor-col-100 elementor-top-column elementor-element elementor-element-e538380\" data-id=\"e538380\" data-element_type=\"column\" data-e-type=\"column\">\n\t\t\t<div class=\"elementor-widget-wrap elementor-element-populated\">\n\t\t\t\t\t\t<div class=\"elementor-element elementor-element-6c86773 elementor-widget elementor-widget-text-editor\" data-id=\"6c86773\" data-element_type=\"widget\" data-e-type=\"widget\" data-widget_type=\"text-editor.default\">\n\t\t\t\t<div class=\"elementor-widget-container\">\n\t\t\t\t\t\t\t\t\t<p><strong>Nome<\/strong>: Sidnei Kulicz<br \/><strong>Data<\/strong>: 2020-09-22 07:07:51<br \/><strong>Cidade<\/strong>: Roncador, PR<\/p><p><strong>Coment\u00e1rio<\/strong>: Conhecendo pouco da historia de meus antepassados as quais perdi com afastamento de meu av\u00f4 de suas origens.<\/p><p><strong><img decoding=\"async\" class=\"aligncenter\" src=\"https:\/\/sperandio.org\/wp-content\/uploads\/2020\/10\/linha.gif\" alt=\"\" width=\"282\" height=\"32\" \/><\/strong><strong>Nome<\/strong>: Guilherme H. Sperandio de Campos<br \/><strong>Cidade<\/strong>: Curitiba, PR<\/p><p><strong>Coment\u00e1rio<\/strong>:\u00a0 Ol\u00e1. Primeiramente gostaria de agradecer e parabenizar pelo esfor\u00e7o; e pela hist\u00f3ria disponibilizada, para aqueles que desejam conhecer sua origem. Aprendi muito sobre a minha fam\u00edlia com as hist\u00f3rias dos meus av\u00f3s e parentes, mas sempre tive vontade de me aprofundar nestas quest\u00f5es. Gra\u00e7as a voc\u00ea, pude conhecer um pouco mais. O meu desejo no momento \u00e9 conhece-lo um pouco mais. Por favor, entre em contato assim que poss\u00edvel. Desde j\u00e1 agrade\u00e7o.<\/p><p><strong><img decoding=\"async\" class=\"aligncenter\" src=\"https:\/\/sperandio.org\/wp-content\/uploads\/2020\/10\/linha.gif\" alt=\"\" width=\"282\" height=\"32\" \/><\/strong><\/p><p><strong>Nome<\/strong>: Rosemeire Lima<br \/><strong>Cidade<\/strong>:\u00a0 Campinas, SP<\/p><p><strong>Coment\u00e1rio<\/strong>: Gostaria de fazer parte desta hist\u00f3ria. Sou descendente dos Sperandio. Estou tentando achar informa\u00e7\u00f5es de meus trisav\u00f3s. Por favor, me ajudem.<\/p><p><strong><img decoding=\"async\" class=\"aligncenter\" src=\"https:\/\/sperandio.org\/wp-content\/uploads\/2020\/10\/linha.gif\" alt=\"\" width=\"282\" height=\"32\" \/><\/strong><\/p><p><strong>Nome<\/strong>: Rafael Esperandio<br \/><strong>Cidade<\/strong>: S\u00e3o Jos\u00e9 Dos Campos-SP<br \/><strong>Data<\/strong>: 27 de outubro de 2017<\/p><p><strong>Coment\u00e1rio<\/strong>: Pesquisas excepcionais, muito feliz de poder saber um pouquinho dessas historias, sou neto de Carlos Esperandio nascido em s\u00e3o jo\u00e3o do iva\u00ed-PR.\u00a0<\/p><p><strong><img decoding=\"async\" class=\"aligncenter\" src=\"https:\/\/sperandio.org\/wp-content\/uploads\/2020\/10\/linha.gif\" alt=\"\" width=\"282\" height=\"32\" \/><\/strong><\/p><p><strong>Nome<\/strong>: Luiz Gonzaga Sperandio<br \/><strong>Data:\u00a0<\/strong>Outubro\/2020<br \/><strong>Cidade<\/strong>: S\u00e3o Jos\u00e9, SC<\/p><p><strong>Coment\u00e1rio<\/strong>: Parab\u00e9ns por esse magn\u00edfico trabalho de reconstru\u00e7\u00e3o de nossa fam\u00edlia Sperandio.<\/p><p><strong><img decoding=\"async\" class=\"aligncenter\" src=\"https:\/\/sperandio.org\/wp-content\/uploads\/2020\/10\/linha.gif\" alt=\"\" width=\"282\" height=\"32\" \/><\/strong><\/p><p><strong>Nome<\/strong>: Alessandra Sperandio<br \/><strong>Data<\/strong>: 17 de jun. de 2019 13:48<br \/><strong>Cidade<\/strong>: Lages, SC<\/p><p><strong>Coment\u00e1rio<\/strong>: Somos Sperandio de Lages, SC. Meu sogro \u00e9 de Caxias do Sul. Seu nome \u00e9 Mario Ant\u00f4nio Sperandio.<\/p><p><strong><img decoding=\"async\" class=\"aligncenter\" src=\"https:\/\/sperandio.org\/wp-content\/uploads\/2020\/10\/linha.gif\" alt=\"\" width=\"282\" height=\"32\" \/><\/strong><\/p><p><strong>Nome<\/strong>: Luis Carlos Sperandio<br \/><strong>Cidade<\/strong>:\u00a0 S\u00e3o Jos\u00e9 do Rio Preto, SP (Brasil)<\/p><p><strong>Coment\u00e1rio<\/strong>:\u00a0 Foi a primeira vez que consultei minhas origens. Gostei muito!<\/p><p><strong><img decoding=\"async\" class=\"aligncenter\" src=\"https:\/\/sperandio.org\/wp-content\/uploads\/2020\/10\/linha.gif\" alt=\"\" width=\"282\" height=\"32\" \/><\/strong><\/p><p><strong>Nome<\/strong>: PAULA SPERANDIO<br \/><strong>Cidade:\u00a0<\/strong>Erechim, RS<\/p><p><strong>Coment\u00e1rio<\/strong>: Ol\u00e1, achei muito interessante encontrar tantas informa\u00e7\u00f5es sobre a origem da fam\u00edlia. Resido em Erechim, Norte do Rio Grande do Sul e tenho muito interesse em saber mais a respeito.<\/p><p><strong><img decoding=\"async\" class=\"aligncenter\" src=\"https:\/\/sperandio.org\/wp-content\/uploads\/2020\/10\/linha.gif\" alt=\"\" width=\"282\" height=\"32\" \/><\/strong><\/p><p><strong>Nome:\u00a0<\/strong>M\u00f4nica Sperandio<br \/><strong>Cidade<\/strong>: S\u00e3o Paulo, SP<br \/><strong>Data<\/strong>: 22 de outubro de 2017 \u00e0s 11:23<\/p><p><strong>Coment\u00e1rio<\/strong>: Mmo n\u00e3o sabendo mto da origem do bisav\u00f4 paterno m enternece ter maiores dados da fam\u00edlia. Pois uma vez m foi dito q este sobrenome remeter\u00e1 a roda dos enjeitados na idade m\u00e9dia. H\u00e1 Sperandios em S\u00e3o Paulo, tto interior como capital. Av\u00f4 Dion\u00edsio, Bisav\u00f4 Angelo.<\/p><p><strong><img decoding=\"async\" class=\"aligncenter\" src=\"https:\/\/sperandio.org\/wp-content\/uploads\/2020\/10\/linha.gif\" alt=\"\" width=\"282\" height=\"32\" \/><\/strong><\/p><p><strong>Nome<\/strong>: Sidney Sperandio de Almeida<br \/><strong>Data<\/strong>: 4 de maio de 2015 \u00e0s 4:27<br \/><strong>Cidade<\/strong>: Vila Velha, ES<\/p><p><strong>Coment\u00e1rio<\/strong>: Gostei das suas informa\u00e7\u00f5es. Pude saber um pouco mais das minhas ra\u00edzes. Estou querendo compreender como chegaram at\u00e9 aqui, no ES. Vou continuar pesquisando.<\/p><p><strong><img decoding=\"async\" class=\"aligncenter\" src=\"https:\/\/sperandio.org\/wp-content\/uploads\/2020\/10\/linha.gif\" alt=\"\" width=\"282\" height=\"32\" \/><\/strong><\/p>\t\t\t\t\t\t\t\t<\/div>\n\t\t\t\t<\/div>\n\t\t\t\t\t<\/div>\n\t\t<\/div>\n\t\t\t\t\t<\/div>\n\t\t<\/section>\n\t\t\t\t<\/div>\n\t\t","protected":false},"excerpt":{"rendered":"<p>Que bom que voc\u00ea est\u00e1 nos visitando. Por favor, envie-nos sua opini\u00e3o ou contribui\u00e7\u00f5es ao Blog de nossa Fam\u00edlia preenchendo o formul\u00e1rio abaixo, ou no espa\u00e7o para coment\u00e1rios, ao final [&hellip;]<\/p>\n","protected":false},"author":1,"featured_media":7549,"parent":0,"menu_order":9,"comment_status":"open","ping_status":"closed","template":"","meta":{"_acf_changed":false,"footnotes":""},"class_list":["post-6332","page","type-page","status-publish","has-post-thumbnail","hentry"],"acf":[],"_links":{"self":[{"href":"https:\/\/sperandio.org\/index.php\/wp-json\/wp\/v2\/pages\/6332","targetHints":{"allow":["GET"]}}],"collection":[{"href":"https:\/\/sperandio.org\/index.php\/wp-json\/wp\/v2\/pages"}],"about":[{"href":"https:\/\/sperandio.org\/index.php\/wp-json\/wp\/v2\/types\/page"}],"author":[{"embeddable":true,"href":"https:\/\/sperandio.org\/index.php\/wp-json\/wp\/v2\/users\/1"}],"replies":[{"embeddable":true,"href":"https:\/\/sperandio.org\/index.php\/wp-json\/wp\/v2\/comments?post=6332"}],"version-history":[{"count":34,"href":"https:\/\/sperandio.org\/index.php\/wp-json\/wp\/v2\/pages\/6332\/revisions"}],"predecessor-version":[{"id":13228,"href":"https:\/\/sperandio.org\/index.php\/wp-json\/wp\/v2\/pages\/6332\/revisions\/13228"}],"wp:featuredmedia":[{"embeddable":true,"href":"https:\/\/sperandio.org\/index.php\/wp-json\/wp\/v2\/media\/7549"}],"wp:attachment":[{"href":"https:\/\/sperandio.org\/index.php\/wp-json\/wp\/v2\/media?parent=6332"}],"curies":[{"name":"wp","href":"https:\/\/api.w.org\/{rel}","templated":true}]}}