{"id":4836,"date":"2013-12-06T14:26:49","date_gmt":"2013-12-06T16:26:49","guid":{"rendered":"http:\/\/sperandio.org\/?page_id=4836"},"modified":"2023-09-05T17:46:32","modified_gmt":"2023-09-05T20:46:32","slug":"galeria-de-fotos","status":"publish","type":"page","link":"https:\/\/sperandio.org\/index.php\/galeria-de-fotos\/","title":{"rendered":"Galeria de Fotos"},"content":{"rendered":"\t\t<div data-elementor-type=\"wp-page\" data-elementor-id=\"4836\" class=\"elementor elementor-4836\">\n\t\t\t\t\t\t<section class=\"elementor-section elementor-top-section elementor-element elementor-element-a1399a5 elementor-section-boxed elementor-section-height-default elementor-section-height-default\" data-id=\"a1399a5\" data-element_type=\"section\" data-e-type=\"section\">\n\t\t\t\t\t\t<div class=\"elementor-container elementor-column-gap-default\">\n\t\t\t\t\t<div class=\"elementor-column elementor-col-100 elementor-top-column elementor-element elementor-element-4d759d2\" data-id=\"4d759d2\" data-element_type=\"column\" data-e-type=\"column\">\n\t\t\t<div class=\"elementor-widget-wrap elementor-element-populated\">\n\t\t\t\t\t\t<div class=\"elementor-element elementor-element-cdcf31d elementor-drop-cap-yes elementor-drop-cap-view-default elementor-widget elementor-widget-text-editor\" data-id=\"cdcf31d\" data-element_type=\"widget\" data-e-type=\"widget\" data-settings=\"{&quot;drop_cap&quot;:&quot;yes&quot;}\" data-widget_type=\"text-editor.default\">\n\t\t\t\t<div class=\"elementor-widget-container\">\n\t\t\t\t\t\t\t\t\t<p>Lugar que remete ao melhor tempo de nossa fam\u00edlia. Aqui vivemos nossa inf\u00e2ncia e, muitos de n\u00f3s, at\u00e9 a juventude. Quantas boas recorda\u00e7\u00f5es, cada vez que volto a pisar este ch\u00e3o e olhar estas paisagens!<\/p>\t\t\t\t\t\t\t\t<\/div>\n\t\t\t\t<\/div>\n\t\t\t\t\t<\/div>\n\t\t<\/div>\n\t\t\t\t\t<\/div>\n\t\t<\/section>\n\t\t\t\t<section class=\"elementor-section elementor-top-section elementor-element elementor-element-24b4adf elementor-section-boxed elementor-section-height-default elementor-section-height-default\" data-id=\"24b4adf\" data-element_type=\"section\" data-e-type=\"section\">\n\t\t\t\t\t\t<div class=\"elementor-container elementor-column-gap-default\">\n\t\t\t\t\t<div class=\"elementor-column elementor-col-100 elementor-top-column elementor-element elementor-element-2b57445\" data-id=\"2b57445\" data-element_type=\"column\" data-e-type=\"column\">\n\t\t\t<div class=\"elementor-widget-wrap elementor-element-populated\">\n\t\t\t\t\t\t<div class=\"elementor-element elementor-element-f1fffcd elementor-widget elementor-widget-image-gallery\" data-id=\"f1fffcd\" data-element_type=\"widget\" data-e-type=\"widget\" data-widget_type=\"image-gallery.default\">\n\t\t\t\t<div class=\"elementor-widget-container\">\n\t\t\t\t\t\t\t<div class=\"elementor-image-gallery\">\n\t\t\t<div id='gallery-1' class='gallery galleryid-4836 gallery-columns-5 gallery-size-thumbnail'><figure class='gallery-item'>\n\t\t\t<div class='gallery-icon landscape'>\n\t\t\t\t<a data-elementor-open-lightbox=\"yes\" data-elementor-lightbox-slideshow=\"f1fffcd\" data-elementor-lightbox-title=\"s-joao-batista\" data-e-action-hash=\"#elementor-action%3Aaction%3Dlightbox%26settings%3DeyJpZCI6MTMzOTUsInVybCI6Imh0dHBzOlwvXC9zcGVyYW5kaW8ub3JnXC93cC1jb250ZW50XC91cGxvYWRzXC8yMDIzXC8wOVwvcy1qb2FvLWJhdGlzdGEuanBnIiwic2xpZGVzaG93IjoiZjFmZmZjZCJ9\" href='https:\/\/sperandio.org\/wp-content\/uploads\/2023\/09\/s-joao-batista.jpg'><img decoding=\"async\" width=\"150\" height=\"150\" src=\"https:\/\/sperandio.org\/wp-content\/uploads\/2023\/09\/s-joao-batista-150x150.jpg\" class=\"attachment-thumbnail size-thumbnail\" alt=\"\" \/><\/a>\n\t\t\t<\/div><\/figure><figure class='gallery-item'>\n\t\t\t<div class='gallery-icon portrait'>\n\t\t\t\t<a data-elementor-open-lightbox=\"yes\" data-elementor-lightbox-slideshow=\"f1fffcd\" data-elementor-lightbox-title=\"igreja-de-sao-joao-batista\" data-e-action-hash=\"#elementor-action%3Aaction%3Dlightbox%26settings%3DeyJpZCI6MTMzODYsInVybCI6Imh0dHBzOlwvXC9zcGVyYW5kaW8ub3JnXC93cC1jb250ZW50XC91cGxvYWRzXC8yMDIzXC8wOVwvaWdyZWphLWRlLXNhby1qb2FvLWJhdGlzdGEuanBnIiwic2xpZGVzaG93IjoiZjFmZmZjZCJ9\" href='https:\/\/sperandio.org\/wp-content\/uploads\/2023\/09\/igreja-de-sao-joao-batista.jpg'><img decoding=\"async\" width=\"150\" height=\"150\" src=\"https:\/\/sperandio.org\/wp-content\/uploads\/2023\/09\/igreja-de-sao-joao-batista-150x150.jpg\" class=\"attachment-thumbnail size-thumbnail\" alt=\"\" \/><\/a>\n\t\t\t<\/div><\/figure><figure class='gallery-item'>\n\t\t\t<div class='gallery-icon portrait'>\n\t\t\t\t<a data-elementor-open-lightbox=\"yes\" data-elementor-lightbox-slideshow=\"f1fffcd\" data-elementor-lightbox-title=\"sao-joao-batista\" data-e-action-hash=\"#elementor-action%3Aaction%3Dlightbox%26settings%3DeyJpZCI6MTMzOTQsInVybCI6Imh0dHBzOlwvXC9zcGVyYW5kaW8ub3JnXC93cC1jb250ZW50XC91cGxvYWRzXC8yMDIzXC8wOVwvc2FvLWpvYW8tYmF0aXN0YS5qcGciLCJzbGlkZXNob3ciOiJmMWZmZmNkIn0%3D\" href='https:\/\/sperandio.org\/wp-content\/uploads\/2023\/09\/sao-joao-batista.jpg'><img decoding=\"async\" width=\"150\" height=\"150\" src=\"https:\/\/sperandio.org\/wp-content\/uploads\/2023\/09\/sao-joao-batista-150x150.jpg\" class=\"attachment-thumbnail size-thumbnail\" alt=\"\" \/><\/a>\n\t\t\t<\/div><\/figure><figure class='gallery-item'>\n\t\t\t<div class='gallery-icon portrait'>\n\t\t\t\t<a data-elementor-open-lightbox=\"yes\" data-elementor-lightbox-slideshow=\"f1fffcd\" data-elementor-lightbox-title=\"2021-07-25 (1)\" data-e-action-hash=\"#elementor-action%3Aaction%3Dlightbox%26settings%3DeyJpZCI6MTMzODEsInVybCI6Imh0dHBzOlwvXC9zcGVyYW5kaW8ub3JnXC93cC1jb250ZW50XC91cGxvYWRzXC8yMDIzXC8wOVwvMjAyMS0wNy0yNS0xLmpwZWciLCJzbGlkZXNob3ciOiJmMWZmZmNkIn0%3D\" href='https:\/\/sperandio.org\/wp-content\/uploads\/2023\/09\/2021-07-25-1.jpeg'><img loading=\"lazy\" decoding=\"async\" width=\"150\" height=\"150\" src=\"https:\/\/sperandio.org\/wp-content\/uploads\/2023\/09\/2021-07-25-1-150x150.jpeg\" class=\"attachment-thumbnail size-thumbnail\" alt=\"\" \/><\/a>\n\t\t\t<\/div><\/figure><figure class='gallery-item'>\n\t\t\t<div class='gallery-icon portrait'>\n\t\t\t\t<a data-elementor-open-lightbox=\"yes\" data-elementor-lightbox-slideshow=\"f1fffcd\" data-elementor-lightbox-title=\"igreja-de-sao-joao-batista (4)\" data-e-action-hash=\"#elementor-action%3Aaction%3Dlightbox%26settings%3DeyJpZCI6MTMzODUsInVybCI6Imh0dHBzOlwvXC9zcGVyYW5kaW8ub3JnXC93cC1jb250ZW50XC91cGxvYWRzXC8yMDIzXC8wOVwvaWdyZWphLWRlLXNhby1qb2FvLWJhdGlzdGEtNC5qcGciLCJzbGlkZXNob3ciOiJmMWZmZmNkIn0%3D\" href='https:\/\/sperandio.org\/wp-content\/uploads\/2023\/09\/igreja-de-sao-joao-batista-4.jpg'><img loading=\"lazy\" decoding=\"async\" width=\"150\" height=\"150\" src=\"https:\/\/sperandio.org\/wp-content\/uploads\/2023\/09\/igreja-de-sao-joao-batista-4-150x150.jpg\" class=\"attachment-thumbnail size-thumbnail\" alt=\"\" \/><\/a>\n\t\t\t<\/div><\/figure><figure class='gallery-item'>\n\t\t\t<div class='gallery-icon portrait'>\n\t\t\t\t<a data-elementor-open-lightbox=\"yes\" data-elementor-lightbox-slideshow=\"f1fffcd\" data-elementor-lightbox-title=\"igreja-de-sao-joao-batista (3)\" data-e-action-hash=\"#elementor-action%3Aaction%3Dlightbox%26settings%3DeyJpZCI6MTMzODQsInVybCI6Imh0dHBzOlwvXC9zcGVyYW5kaW8ub3JnXC93cC1jb250ZW50XC91cGxvYWRzXC8yMDIzXC8wOVwvaWdyZWphLWRlLXNhby1qb2FvLWJhdGlzdGEtMy5qcGciLCJzbGlkZXNob3ciOiJmMWZmZmNkIn0%3D\" href='https:\/\/sperandio.org\/wp-content\/uploads\/2023\/09\/igreja-de-sao-joao-batista-3.jpg'><img loading=\"lazy\" decoding=\"async\" width=\"150\" height=\"150\" src=\"https:\/\/sperandio.org\/wp-content\/uploads\/2023\/09\/igreja-de-sao-joao-batista-3-150x150.jpg\" class=\"attachment-thumbnail size-thumbnail\" alt=\"\" \/><\/a>\n\t\t\t<\/div><\/figure><figure class='gallery-item'>\n\t\t\t<div class='gallery-icon portrait'>\n\t\t\t\t<a data-elementor-open-lightbox=\"yes\" data-elementor-lightbox-slideshow=\"f1fffcd\" data-elementor-lightbox-title=\"IMG_0762\" data-e-action-hash=\"#elementor-action%3Aaction%3Dlightbox%26settings%3DeyJpZCI6MTMzOTIsInVybCI6Imh0dHBzOlwvXC9zcGVyYW5kaW8ub3JnXC93cC1jb250ZW50XC91cGxvYWRzXC8yMDIzXC8wOVwvSU1HXzA3NjItc2NhbGVkLmpwZyIsInNsaWRlc2hvdyI6ImYxZmZmY2QifQ%3D%3D\" href='https:\/\/sperandio.org\/wp-content\/uploads\/2023\/09\/IMG_0762-scaled.jpg'><img loading=\"lazy\" decoding=\"async\" width=\"150\" height=\"150\" src=\"https:\/\/sperandio.org\/wp-content\/uploads\/2023\/09\/IMG_0762-150x150.jpg\" class=\"attachment-thumbnail size-thumbnail\" alt=\"\" \/><\/a>\n\t\t\t<\/div><\/figure><figure class='gallery-item'>\n\t\t\t<div class='gallery-icon landscape'>\n\t\t\t\t<a data-elementor-open-lightbox=\"yes\" data-elementor-lightbox-slideshow=\"f1fffcd\" data-elementor-lightbox-title=\"IMG_0761\" data-e-action-hash=\"#elementor-action%3Aaction%3Dlightbox%26settings%3DeyJpZCI6MTMzOTEsInVybCI6Imh0dHBzOlwvXC9zcGVyYW5kaW8ub3JnXC93cC1jb250ZW50XC91cGxvYWRzXC8yMDIzXC8wOVwvSU1HXzA3NjEtc2NhbGVkLmpwZyIsInNsaWRlc2hvdyI6ImYxZmZmY2QifQ%3D%3D\" href='https:\/\/sperandio.org\/wp-content\/uploads\/2023\/09\/IMG_0761-scaled.jpg'><img loading=\"lazy\" decoding=\"async\" width=\"150\" height=\"150\" src=\"https:\/\/sperandio.org\/wp-content\/uploads\/2023\/09\/IMG_0761-150x150.jpg\" class=\"attachment-thumbnail size-thumbnail\" alt=\"\" \/><\/a>\n\t\t\t<\/div><\/figure><figure class='gallery-item'>\n\t\t\t<div class='gallery-icon landscape'>\n\t\t\t\t<a data-elementor-open-lightbox=\"yes\" data-elementor-lightbox-slideshow=\"f1fffcd\" data-elementor-lightbox-title=\"IMG_0760\" data-e-action-hash=\"#elementor-action%3Aaction%3Dlightbox%26settings%3DeyJpZCI6MTMzOTAsInVybCI6Imh0dHBzOlwvXC9zcGVyYW5kaW8ub3JnXC93cC1jb250ZW50XC91cGxvYWRzXC8yMDIzXC8wOVwvSU1HXzA3NjAtc2NhbGVkLmpwZyIsInNsaWRlc2hvdyI6ImYxZmZmY2QifQ%3D%3D\" href='https:\/\/sperandio.org\/wp-content\/uploads\/2023\/09\/IMG_0760-scaled.jpg'><img loading=\"lazy\" decoding=\"async\" width=\"150\" height=\"150\" src=\"https:\/\/sperandio.org\/wp-content\/uploads\/2023\/09\/IMG_0760-150x150.jpg\" class=\"attachment-thumbnail size-thumbnail\" alt=\"\" \/><\/a>\n\t\t\t<\/div><\/figure><figure class='gallery-item'>\n\t\t\t<div class='gallery-icon landscape'>\n\t\t\t\t<a data-elementor-open-lightbox=\"yes\" data-elementor-lightbox-slideshow=\"f1fffcd\" data-elementor-lightbox-title=\"IMG_0759\" data-e-action-hash=\"#elementor-action%3Aaction%3Dlightbox%26settings%3DeyJpZCI6MTMzODksInVybCI6Imh0dHBzOlwvXC9zcGVyYW5kaW8ub3JnXC93cC1jb250ZW50XC91cGxvYWRzXC8yMDIzXC8wOVwvSU1HXzA3NTktc2NhbGVkLmpwZyIsInNsaWRlc2hvdyI6ImYxZmZmY2QifQ%3D%3D\" href='https:\/\/sperandio.org\/wp-content\/uploads\/2023\/09\/IMG_0759-scaled.jpg'><img loading=\"lazy\" decoding=\"async\" width=\"150\" height=\"150\" src=\"https:\/\/sperandio.org\/wp-content\/uploads\/2023\/09\/IMG_0759-150x150.jpg\" class=\"attachment-thumbnail size-thumbnail\" alt=\"\" \/><\/a>\n\t\t\t<\/div><\/figure><figure class='gallery-item'>\n\t\t\t<div class='gallery-icon landscape'>\n\t\t\t\t<a data-elementor-open-lightbox=\"yes\" data-elementor-lightbox-slideshow=\"f1fffcd\" data-elementor-lightbox-title=\"IMG_0758\" data-e-action-hash=\"#elementor-action%3Aaction%3Dlightbox%26settings%3DeyJpZCI6MTMzODgsInVybCI6Imh0dHBzOlwvXC9zcGVyYW5kaW8ub3JnXC93cC1jb250ZW50XC91cGxvYWRzXC8yMDIzXC8wOVwvSU1HXzA3NTgtc2NhbGVkLmpwZyIsInNsaWRlc2hvdyI6ImYxZmZmY2QifQ%3D%3D\" href='https:\/\/sperandio.org\/wp-content\/uploads\/2023\/09\/IMG_0758-scaled.jpg'><img loading=\"lazy\" decoding=\"async\" width=\"150\" height=\"150\" src=\"https:\/\/sperandio.org\/wp-content\/uploads\/2023\/09\/IMG_0758-150x150.jpg\" class=\"attachment-thumbnail size-thumbnail\" alt=\"\" \/><\/a>\n\t\t\t<\/div><\/figure><figure class='gallery-item'>\n\t\t\t<div class='gallery-icon landscape'>\n\t\t\t\t<a data-elementor-open-lightbox=\"yes\" data-elementor-lightbox-slideshow=\"f1fffcd\" data-elementor-lightbox-title=\"IMG_0757\" data-e-action-hash=\"#elementor-action%3Aaction%3Dlightbox%26settings%3DeyJpZCI6MTMzODcsInVybCI6Imh0dHBzOlwvXC9zcGVyYW5kaW8ub3JnXC93cC1jb250ZW50XC91cGxvYWRzXC8yMDIzXC8wOVwvSU1HXzA3NTctc2NhbGVkLmpwZyIsInNsaWRlc2hvdyI6ImYxZmZmY2QifQ%3D%3D\" href='https:\/\/sperandio.org\/wp-content\/uploads\/2023\/09\/IMG_0757-scaled.jpg'><img loading=\"lazy\" decoding=\"async\" width=\"150\" height=\"150\" src=\"https:\/\/sperandio.org\/wp-content\/uploads\/2023\/09\/IMG_0757-150x150.jpg\" class=\"attachment-thumbnail size-thumbnail\" alt=\"\" \/><\/a>\n\t\t\t<\/div><\/figure><figure class='gallery-item'>\n\t\t\t<div class='gallery-icon landscape'>\n\t\t\t\t<a data-elementor-open-lightbox=\"yes\" data-elementor-lightbox-slideshow=\"f1fffcd\" data-elementor-lightbox-title=\"IMG_0763\" data-e-action-hash=\"#elementor-action%3Aaction%3Dlightbox%26settings%3DeyJpZCI6MTMzOTMsInVybCI6Imh0dHBzOlwvXC9zcGVyYW5kaW8ub3JnXC93cC1jb250ZW50XC91cGxvYWRzXC8yMDIzXC8wOVwvSU1HXzA3NjMtc2NhbGVkLmpwZyIsInNsaWRlc2hvdyI6ImYxZmZmY2QifQ%3D%3D\" href='https:\/\/sperandio.org\/wp-content\/uploads\/2023\/09\/IMG_0763-scaled.jpg'><img loading=\"lazy\" decoding=\"async\" width=\"150\" height=\"150\" src=\"https:\/\/sperandio.org\/wp-content\/uploads\/2023\/09\/IMG_0763-150x150.jpg\" class=\"attachment-thumbnail size-thumbnail\" alt=\"\" \/><\/a>\n\t\t\t<\/div><\/figure><figure class='gallery-item'>\n\t\t\t<div class='gallery-icon landscape'>\n\t\t\t\t<a data-elementor-open-lightbox=\"yes\" data-elementor-lightbox-slideshow=\"f1fffcd\" data-elementor-lightbox-title=\"2021-07-25\" data-e-action-hash=\"#elementor-action%3Aaction%3Dlightbox%26settings%3DeyJpZCI6MTMzODMsInVybCI6Imh0dHBzOlwvXC9zcGVyYW5kaW8ub3JnXC93cC1jb250ZW50XC91cGxvYWRzXC8yMDIzXC8wOVwvMjAyMS0wNy0yNS5qcGVnIiwic2xpZGVzaG93IjoiZjFmZmZjZCJ9\" href='https:\/\/sperandio.org\/wp-content\/uploads\/2023\/09\/2021-07-25.jpeg'><img loading=\"lazy\" decoding=\"async\" width=\"150\" height=\"150\" src=\"https:\/\/sperandio.org\/wp-content\/uploads\/2023\/09\/2021-07-25-150x150.jpeg\" class=\"attachment-thumbnail size-thumbnail\" alt=\"\" \/><\/a>\n\t\t\t<\/div><\/figure><figure class='gallery-item'>\n\t\t\t<div class='gallery-icon portrait'>\n\t\t\t\t<a data-elementor-open-lightbox=\"yes\" data-elementor-lightbox-slideshow=\"f1fffcd\" data-elementor-lightbox-title=\"2013-07-20 12.26.18\" data-e-action-hash=\"#elementor-action%3Aaction%3Dlightbox%26settings%3DeyJpZCI6MTMzODAsInVybCI6Imh0dHBzOlwvXC9zcGVyYW5kaW8ub3JnXC93cC1jb250ZW50XC91cGxvYWRzXC8yMDIzXC8wOVwvMjAxMy0wNy0yMC0xMi4yNi4xOC5qcGciLCJzbGlkZXNob3ciOiJmMWZmZmNkIn0%3D\" href='https:\/\/sperandio.org\/wp-content\/uploads\/2023\/09\/2013-07-20-12.26.18.jpg'><img loading=\"lazy\" decoding=\"async\" width=\"150\" height=\"150\" src=\"https:\/\/sperandio.org\/wp-content\/uploads\/2023\/09\/2013-07-20-12.26.18-150x150.jpg\" class=\"attachment-thumbnail size-thumbnail\" alt=\"\" \/><\/a>\n\t\t\t<\/div><\/figure>\n\t\t<\/div>\n\t\t<\/div>\n\t\t\t\t\t\t<\/div>\n\t\t\t\t<\/div>\n\t\t\t\t\t<\/div>\n\t\t<\/div>\n\t\t\t\t\t<\/div>\n\t\t<\/section>\n\t\t\t\t<\/div>\n\t\t","protected":false},"excerpt":{"rendered":"<p>Lugar que remete ao melhor tempo de nossa fam\u00edlia. Aqui vivemos nossa inf\u00e2ncia e, muitos de n\u00f3s, at\u00e9 a juventude. Quantas boas recorda\u00e7\u00f5es, cada vez que volto a pisar este [&hellip;]<\/p>\n","protected":false},"author":1,"featured_media":8515,"parent":0,"menu_order":6,"comment_status":"open","ping_status":"closed","template":"","meta":{"_acf_changed":false,"footnotes":""},"class_list":["post-4836","page","type-page","status-publish","has-post-thumbnail","hentry"],"acf":[],"_links":{"self":[{"href":"https:\/\/sperandio.org\/index.php\/wp-json\/wp\/v2\/pages\/4836","targetHints":{"allow":["GET"]}}],"collection":[{"href":"https:\/\/sperandio.org\/index.php\/wp-json\/wp\/v2\/pages"}],"about":[{"href":"https:\/\/sperandio.org\/index.php\/wp-json\/wp\/v2\/types\/page"}],"author":[{"embeddable":true,"href":"https:\/\/sperandio.org\/index.php\/wp-json\/wp\/v2\/users\/1"}],"replies":[{"embeddable":true,"href":"https:\/\/sperandio.org\/index.php\/wp-json\/wp\/v2\/comments?post=4836"}],"version-history":[{"count":18,"href":"https:\/\/sperandio.org\/index.php\/wp-json\/wp\/v2\/pages\/4836\/revisions"}],"predecessor-version":[{"id":13398,"href":"https:\/\/sperandio.org\/index.php\/wp-json\/wp\/v2\/pages\/4836\/revisions\/13398"}],"wp:featuredmedia":[{"embeddable":true,"href":"https:\/\/sperandio.org\/index.php\/wp-json\/wp\/v2\/media\/8515"}],"wp:attachment":[{"href":"https:\/\/sperandio.org\/index.php\/wp-json\/wp\/v2\/media?parent=4836"}],"curies":[{"name":"wp","href":"https:\/\/api.w.org\/{rel}","templated":true}]}}