{"id":28,"date":"2009-05-12T21:39:41","date_gmt":"2009-05-13T00:39:41","guid":{"rendered":"http:\/\/sperandio2009.wordpress.com\/?page_id=28"},"modified":"2021-01-26T19:15:00","modified_gmt":"2021-01-26T22:15:00","slug":"nome","status":"publish","type":"page","link":"https:\/\/sperandio.org\/index.php\/home\/nome\/","title":{"rendered":"Nosso Nome"},"content":{"rendered":"\t\t<div data-elementor-type=\"wp-page\" data-elementor-id=\"28\" class=\"elementor elementor-28\">\n\t\t\t\t\t\t<section class=\"elementor-section elementor-top-section elementor-element elementor-element-b99390e elementor-section-boxed elementor-section-height-default elementor-section-height-default\" data-id=\"b99390e\" data-element_type=\"section\" data-e-type=\"section\">\n\t\t\t\t\t\t<div class=\"elementor-container elementor-column-gap-default\">\n\t\t\t\t\t<div class=\"elementor-column elementor-col-100 elementor-top-column elementor-element elementor-element-c45381f\" data-id=\"c45381f\" data-element_type=\"column\" data-e-type=\"column\">\n\t\t\t<div class=\"elementor-widget-wrap elementor-element-populated\">\n\t\t\t\t\t\t<div class=\"elementor-element elementor-element-aec60fa elementor-widget elementor-widget-image\" data-id=\"aec60fa\" data-element_type=\"widget\" data-e-type=\"widget\" data-widget_type=\"image.default\">\n\t\t\t\t<div class=\"elementor-widget-container\">\n\t\t\t\t\t\t\t\t\t\t\t\t\t\t\t<img fetchpriority=\"high\" decoding=\"async\" width=\"780\" height=\"404\" src=\"https:\/\/sperandio.org\/wp-content\/uploads\/2021\/01\/sperandio-bartolommeo-pendaglia.jpg\" class=\"attachment-large size-large wp-image-12675\" alt=\"\" srcset=\"https:\/\/sperandio.org\/wp-content\/uploads\/2021\/01\/sperandio-bartolommeo-pendaglia.jpg 800w, https:\/\/sperandio.org\/wp-content\/uploads\/2021\/01\/sperandio-bartolommeo-pendaglia-300x155.jpg 300w, https:\/\/sperandio.org\/wp-content\/uploads\/2021\/01\/sperandio-bartolommeo-pendaglia-768x397.jpg 768w\" sizes=\"(max-width: 780px) 100vw, 780px\" \/>\t\t\t\t\t\t\t\t\t\t\t\t\t\t\t<\/div>\n\t\t\t\t<\/div>\n\t\t\t\t\t<\/div>\n\t\t<\/div>\n\t\t\t\t\t<\/div>\n\t\t<\/section>\n\t\t\t\t<section class=\"elementor-section elementor-top-section elementor-element elementor-element-669d0935 elementor-section-boxed elementor-section-height-default elementor-section-height-default\" data-id=\"669d0935\" data-element_type=\"section\" data-e-type=\"section\">\n\t\t\t\t\t\t<div class=\"elementor-container elementor-column-gap-default\">\n\t\t\t\t\t<div class=\"elementor-column elementor-col-100 elementor-top-column elementor-element elementor-element-60182f05\" data-id=\"60182f05\" data-element_type=\"column\" data-e-type=\"column\">\n\t\t\t<div class=\"elementor-widget-wrap elementor-element-populated\">\n\t\t\t\t\t\t<div class=\"elementor-element elementor-element-463be0e elementor-widget elementor-widget-text-editor\" data-id=\"463be0e\" data-element_type=\"widget\" data-e-type=\"widget\" data-widget_type=\"text-editor.default\">\n\t\t\t\t<div class=\"elementor-widget-container\">\n\t\t\t\t\t\t\t\t\t<p>Sperandio, Bartolommeo Pendaglia (dies 1462). Bronze, cast. Obverse: Bust in profile to the left. The sitter\u2019s hair is cropped and he wears a flat-topped hat or mortier. His pleated robe has a stiff, expanding collar. Incised lines on the robe suggest a brocade pattern. Legend: BARTHOLOMAEVS PENDALIA INSIGNE LIBERALITATIS ET MUNIFICENTIAE EXEMPLV (Bartolommeo Pendaglia, the emblem of liberality and model of munificence). Reverse: A nude male figure is seated on the spoils of war, a cuirass and two shields. He holds a spear in his left hand and a round object (a pearl?) in his right. A thin scarf is drapped over his shoulders and flutters down his arms. His left foot rests on a small sack, from which innumerable coins are escaping. Legend: (rose stop) CAESARIANA LIBERALITAS (The liberality of Caesar). Below, the signature: OPVS SPERANDEI (The work of Sperandio).<\/p>\t\t\t\t\t\t\t\t<\/div>\n\t\t\t\t<\/div>\n\t\t\t\t\t<\/div>\n\t\t<\/div>\n\t\t\t\t\t<\/div>\n\t\t<\/section>\n\t\t\t\t<section class=\"elementor-section elementor-top-section elementor-element elementor-element-f812256 elementor-section-boxed elementor-section-height-default elementor-section-height-default\" data-id=\"f812256\" data-element_type=\"section\" data-e-type=\"section\">\n\t\t\t\t\t\t<div class=\"elementor-container elementor-column-gap-default\">\n\t\t\t\t\t<div class=\"elementor-column elementor-col-100 elementor-top-column elementor-element elementor-element-fef6ff7\" data-id=\"fef6ff7\" data-element_type=\"column\" data-e-type=\"column\">\n\t\t\t<div class=\"elementor-widget-wrap elementor-element-populated\">\n\t\t\t\t\t\t<div class=\"elementor-element elementor-element-a4d5b94 elementor-widget elementor-widget-image\" data-id=\"a4d5b94\" data-element_type=\"widget\" data-e-type=\"widget\" data-widget_type=\"image.default\">\n\t\t\t\t<div class=\"elementor-widget-container\">\n\t\t\t\t\t\t\t\t\t\t\t\t\t\t\t<img decoding=\"async\" width=\"780\" height=\"386\" src=\"https:\/\/sperandio.org\/wp-content\/uploads\/2021\/01\/sperandio-bartolommeo-pendaglia2.jpg\" class=\"attachment-large size-large wp-image-12673\" alt=\"\" srcset=\"https:\/\/sperandio.org\/wp-content\/uploads\/2021\/01\/sperandio-bartolommeo-pendaglia2.jpg 900w, https:\/\/sperandio.org\/wp-content\/uploads\/2021\/01\/sperandio-bartolommeo-pendaglia2-300x148.jpg 300w, https:\/\/sperandio.org\/wp-content\/uploads\/2021\/01\/sperandio-bartolommeo-pendaglia2-768x380.jpg 768w\" sizes=\"(max-width: 780px) 100vw, 780px\" \/>\t\t\t\t\t\t\t\t\t\t\t\t\t\t\t<\/div>\n\t\t\t\t<\/div>\n\t\t\t\t\t<\/div>\n\t\t<\/div>\n\t\t\t\t\t<\/div>\n\t\t<\/section>\n\t\t\t\t<section class=\"elementor-section elementor-top-section elementor-element elementor-element-faafac8 elementor-section-boxed elementor-section-height-default elementor-section-height-default\" data-id=\"faafac8\" data-element_type=\"section\" data-e-type=\"section\">\n\t\t\t\t\t\t<div class=\"elementor-container elementor-column-gap-default\">\n\t\t\t\t\t<div class=\"elementor-column elementor-col-100 elementor-top-column elementor-element elementor-element-5ec69dc\" data-id=\"5ec69dc\" data-element_type=\"column\" data-e-type=\"column\">\n\t\t\t<div class=\"elementor-widget-wrap elementor-element-populated\">\n\t\t\t\t\t\t<div class=\"elementor-element elementor-element-eeea9c9 elementor-widget elementor-widget-text-editor\" data-id=\"eeea9c9\" data-element_type=\"widget\" data-e-type=\"widget\" data-widget_type=\"text-editor.default\">\n\t\t\t\t<div class=\"elementor-widget-container\">\n\t\t\t\t\t\t\t\t\t<p><br \/>O nome de fam\u00edlia italiano SPERANDIO \u00e9 classificado como tendo origem em um nome pessoal.<\/p>\n<p>De acordo com eruditos, \u201co mais antigo e disseminado tipo de sobrenome \u00e9 o que deriva de um nome dado\u201d. Tais nomes de fam\u00edlia podem ser derivados de um primeiro nome de um parente, ou do nome de um av\u00f4, ou, de fato, de um ancestral remoto do portador original do sobrenome.<\/p>\n<p>Com respeito ao nome de fam\u00edlia SPERANDIO, sua origem reside no nome pessoal SPERANDIO, composto dos elementos \u201cSPERA IN DIO\u201d que, literalmente, significa \u201cESPERA EM DEUS\u201d. Este nome pessoal, que representa a f\u00e9 crist\u00e3, foi documentado primeiramente em in\u00edcios da Idade M\u00e9dia na forma latinizada \u201cSperandeus\u201d.<\/p>\n<p>Variantes do sobrenome SPERANDIO incluem SPERINDIO, SPPERINDEO e SPERANDEO.<\/p>\n<p>Uma das mais antigas refer\u00eancia a este sobrenome, ou a uma de suas variantes, \u00e9 o registro de um GIOVANNI SPERANDIO, pintor e arquiteto mencionado em 1614.<\/p>\n<p>Pesquisas atuais, por\u00e9m, podem provar que este nome j\u00e1 tenha sido documentado em data anterior \u00e0 indicada acima. Not\u00e1veis portadores do sobrenome SPERANDIO incluem: BARTOLOMEO SPERANDIO, um ator falecido em 1778.<\/p>\n<p>Registros do s\u00e9culo XIX da cidade de BASCIANO, TERAMO, cont\u00e9m numerosas refer\u00eancias a este nome de fam\u00edlia, entre os quais temos do casamento de BERARDINO SPERANDIO e Ana Cec\u00edlia Trosini, celebrado em 30 de abril de 1812; e o de GIOVANNI SPERANDIO e Maddalena Pirocchi, ocorrido em 14 de dezembro de 1815. Tamb\u00e9m existe documenta\u00e7\u00e3o do batismo de GIOVANNI SPERANDIO, filho de INNOCENZO SPERANDIO e Concetta Di Nicola, registrado em 16 de mar\u00e7o de 1835.<\/p>\t\t\t\t\t\t\t\t<\/div>\n\t\t\t\t<\/div>\n\t\t\t\t\t<\/div>\n\t\t<\/div>\n\t\t\t\t\t<\/div>\n\t\t<\/section>\n\t\t\t\t<section class=\"elementor-section elementor-top-section elementor-element elementor-element-566225c elementor-section-boxed elementor-section-height-default elementor-section-height-default\" data-id=\"566225c\" data-element_type=\"section\" data-e-type=\"section\">\n\t\t\t\t\t\t<div class=\"elementor-container elementor-column-gap-default\">\n\t\t\t\t\t<div class=\"elementor-column elementor-col-100 elementor-top-column elementor-element elementor-element-cbeb60e\" data-id=\"cbeb60e\" data-element_type=\"column\" data-e-type=\"column\">\n\t\t\t<div class=\"elementor-widget-wrap elementor-element-populated\">\n\t\t\t\t\t\t<div class=\"elementor-element elementor-element-5660a99 elementor-widget elementor-widget-heading\" data-id=\"5660a99\" data-element_type=\"widget\" data-e-type=\"widget\" data-widget_type=\"heading.default\">\n\t\t\t\t<div class=\"elementor-widget-container\">\n\t\t\t\t\t<h2 class=\"elementor-heading-title elementor-size-default\">Bras\u00e3o de armas:<\/h2>\t\t\t\t<\/div>\n\t\t\t\t<\/div>\n\t\t\t\t\t<\/div>\n\t\t<\/div>\n\t\t\t\t\t<\/div>\n\t\t<\/section>\n\t\t\t\t<section class=\"elementor-section elementor-top-section elementor-element elementor-element-dfabeb7 elementor-section-boxed elementor-section-height-default elementor-section-height-default\" data-id=\"dfabeb7\" data-element_type=\"section\" data-e-type=\"section\">\n\t\t\t\t\t\t<div class=\"elementor-container elementor-column-gap-default\">\n\t\t\t\t\t<div class=\"elementor-column elementor-col-100 elementor-top-column elementor-element elementor-element-df4cc20\" data-id=\"df4cc20\" data-element_type=\"column\" data-e-type=\"column\">\n\t\t\t<div class=\"elementor-widget-wrap elementor-element-populated\">\n\t\t\t\t\t\t<section class=\"elementor-section elementor-inner-section elementor-element elementor-element-455fba8 elementor-section-boxed elementor-section-height-default elementor-section-height-default\" data-id=\"455fba8\" data-element_type=\"section\" data-e-type=\"section\">\n\t\t\t\t\t\t<div class=\"elementor-container elementor-column-gap-default\">\n\t\t\t\t\t<div class=\"elementor-column elementor-col-50 elementor-inner-column elementor-element elementor-element-e7eb96f\" data-id=\"e7eb96f\" data-element_type=\"column\" data-e-type=\"column\">\n\t\t\t<div class=\"elementor-widget-wrap elementor-element-populated\">\n\t\t\t\t\t\t<div class=\"elementor-element elementor-element-6193e78 elementor-widget elementor-widget-text-editor\" data-id=\"6193e78\" data-element_type=\"widget\" data-e-type=\"widget\" data-widget_type=\"text-editor.default\">\n\t\t\t\t<div class=\"elementor-widget-container\">\n\t\t\t\t\t\t\t\t\t<p>Tronchado ondado; 1\u00ba de p\u00farpura (denota majestade) com tr\u00eas crescentes reversos de prata; 2\u00ba de prata, com tr\u00eas crescentes reversos de vermelho. Timbre: uma \u00e1guia estendida de negro, coroada de ouro. Origem: It\u00e1lia.<\/p><p>Fontes her\u00e1ldicas indicam que o escudo de armas descrito abaixo foi concedido a uma fam\u00edlia portadora do sobrenome SPERANDIO de BOLONHA.<\/p>\t\t\t\t\t\t\t\t<\/div>\n\t\t\t\t<\/div>\n\t\t\t\t\t<\/div>\n\t\t<\/div>\n\t\t\t\t<div class=\"elementor-column elementor-col-50 elementor-inner-column elementor-element elementor-element-402a7bc\" data-id=\"402a7bc\" data-element_type=\"column\" data-e-type=\"column\">\n\t\t\t<div class=\"elementor-widget-wrap elementor-element-populated\">\n\t\t\t\t\t\t<div class=\"elementor-element elementor-element-72cccca elementor-widget elementor-widget-image\" data-id=\"72cccca\" data-element_type=\"widget\" data-e-type=\"widget\" data-widget_type=\"image.default\">\n\t\t\t\t<div class=\"elementor-widget-container\">\n\t\t\t\t\t\t\t\t\t\t\t\t\t\t\t<img decoding=\"async\" width=\"375\" height=\"480\" src=\"https:\/\/sperandio.org\/wp-content\/uploads\/2021\/01\/sperandio-brasao.png\" class=\"attachment-large size-large wp-image-12677\" alt=\"\" srcset=\"https:\/\/sperandio.org\/wp-content\/uploads\/2021\/01\/sperandio-brasao.png 375w, https:\/\/sperandio.org\/wp-content\/uploads\/2021\/01\/sperandio-brasao-234x300.png 234w\" sizes=\"(max-width: 375px) 100vw, 375px\" \/>\t\t\t\t\t\t\t\t\t\t\t\t\t\t\t<\/div>\n\t\t\t\t<\/div>\n\t\t\t\t\t<\/div>\n\t\t<\/div>\n\t\t\t\t\t<\/div>\n\t\t<\/section>\n\t\t\t\t\t<\/div>\n\t\t<\/div>\n\t\t\t\t\t<\/div>\n\t\t<\/section>\n\t\t\t\t<\/div>\n\t\t","protected":false},"excerpt":{"rendered":"<p>Sperandio, Bartolommeo Pendaglia (dies 1462). Bronze, cast. Obverse: Bust in profile to the left. The sitter\u2019s hair is cropped and he wears a flat-topped hat or mortier. His pleated robe [&hellip;]<\/p>\n","protected":false},"author":1,"featured_media":5046,"parent":656,"menu_order":2,"comment_status":"closed","ping_status":"closed","template":"","meta":{"_acf_changed":false,"footnotes":""},"class_list":["post-28","page","type-page","status-publish","has-post-thumbnail","hentry"],"acf":[],"_links":{"self":[{"href":"https:\/\/sperandio.org\/index.php\/wp-json\/wp\/v2\/pages\/28","targetHints":{"allow":["GET"]}}],"collection":[{"href":"https:\/\/sperandio.org\/index.php\/wp-json\/wp\/v2\/pages"}],"about":[{"href":"https:\/\/sperandio.org\/index.php\/wp-json\/wp\/v2\/types\/page"}],"author":[{"embeddable":true,"href":"https:\/\/sperandio.org\/index.php\/wp-json\/wp\/v2\/users\/1"}],"replies":[{"embeddable":true,"href":"https:\/\/sperandio.org\/index.php\/wp-json\/wp\/v2\/comments?post=28"}],"version-history":[{"count":15,"href":"https:\/\/sperandio.org\/index.php\/wp-json\/wp\/v2\/pages\/28\/revisions"}],"predecessor-version":[{"id":12684,"href":"https:\/\/sperandio.org\/index.php\/wp-json\/wp\/v2\/pages\/28\/revisions\/12684"}],"up":[{"embeddable":true,"href":"https:\/\/sperandio.org\/index.php\/wp-json\/wp\/v2\/pages\/656"}],"wp:featuredmedia":[{"embeddable":true,"href":"https:\/\/sperandio.org\/index.php\/wp-json\/wp\/v2\/media\/5046"}],"wp:attachment":[{"href":"https:\/\/sperandio.org\/index.php\/wp-json\/wp\/v2\/media?parent=28"}],"curies":[{"name":"wp","href":"https:\/\/api.w.org\/{rel}","templated":true}]}}