{"id":13274,"date":"2021-09-17T17:48:02","date_gmt":"2021-09-17T20:48:02","guid":{"rendered":"http:\/\/sperandio.org\/?page_id=13274"},"modified":"2026-05-03T16:15:04","modified_gmt":"2026-05-03T19:15:04","slug":"aniversarios","status":"publish","type":"page","link":"https:\/\/sperandio.org\/index.php\/home\/aniversarios\/","title":{"rendered":"Aniversariantes do m\u00eas"},"content":{"rendered":"\t\t<div data-elementor-type=\"wp-page\" data-elementor-id=\"13274\" class=\"elementor elementor-13274\">\n\t\t\t\t\t\t<section class=\"elementor-section elementor-top-section elementor-element elementor-element-0e6184b elementor-section-boxed elementor-section-height-default elementor-section-height-default\" data-id=\"0e6184b\" data-element_type=\"section\" data-e-type=\"section\">\n\t\t\t\t\t\t<div class=\"elementor-container elementor-column-gap-default\">\n\t\t\t\t\t<div class=\"elementor-column elementor-col-100 elementor-top-column elementor-element elementor-element-f364224\" data-id=\"f364224\" data-element_type=\"column\" data-e-type=\"column\">\n\t\t\t<div class=\"elementor-widget-wrap elementor-element-populated\">\n\t\t\t\t\t\t<div class=\"elementor-element elementor-element-da7bde4 elementor-widget elementor-widget-text-editor\" data-id=\"da7bde4\" data-element_type=\"widget\" data-e-type=\"widget\" data-widget_type=\"text-editor.default\">\n\t\t\t\t<div class=\"elementor-widget-container\">\n\t\t\t\t\t\t\t\t\t<table width=\"86%\"><tbody><tr><td width=\"85%\"><p><strong><em>Aniversariantes<\/em><\/strong><\/p><\/td><td width=\"14%\"><p><strong><em>Dia<\/em><\/strong><\/p><\/td><\/tr><tr><td width=\"85%\"><p><em>Maria Vit\u00f3ria (Filha Claudia)<\/em><\/p><\/td><td width=\"14%\"><p>3<\/p><\/td><\/tr><tr><td width=\"85%\"><p><em>Gabriela Vargas (Filha Da Mariah)<\/em><\/p><\/td><td width=\"14%\"><p>7<\/p><\/td><\/tr><tr><td width=\"85%\"><p><em>Romilda Sperandio<\/em><\/p><\/td><td width=\"14%\"><p>7<\/p><\/td><\/tr><tr><td width=\"85%\"><p><em>Sandra Almeida Sperandio<\/em><\/p><\/td><td width=\"14%\"><p>8<\/p><\/td><\/tr><tr><td width=\"85%\"><p><em>Nicole Sperandio<\/em><\/p><\/td><td width=\"14%\"><p>12<\/p><\/td><\/tr><tr><td width=\"85%\"><p><em>M\u00e1rio Sperandio<\/em><\/p><\/td><td width=\"14%\"><p>14<\/p><\/td><\/tr><tr><td width=\"85%\"><p><em>Luize Christine<\/em><\/p><\/td><td width=\"14%\"><p>16<\/p><\/td><\/tr><tr><td width=\"85%\"><p><em>Gabriel (Neto Nilson)<\/em><\/p><\/td><td width=\"14%\"><p>23<\/p><\/td><\/tr><tr><td width=\"85%\"><p><em>Stella Maris<\/em><\/p><\/td><td width=\"14%\"><p>29<\/p><\/td><\/tr><tr><td width=\"85%\"><p><em>J\u00falia Sarmento Metzker<\/em><\/p><\/td><td width=\"14%\"><p>30<\/p><\/td><\/tr><\/tbody><\/table>\t\t\t\t\t\t\t\t<\/div>\n\t\t\t\t<\/div>\n\t\t\t\t<div class=\"elementor-element elementor-element-8b2c0ce elementor-align-center elementor-widget elementor-widget-button\" data-id=\"8b2c0ce\" data-element_type=\"widget\" data-e-type=\"widget\" data-widget_type=\"button.default\">\n\t\t\t\t<div class=\"elementor-widget-container\">\n\t\t\t\t\t\t\t\t\t<div class=\"elementor-button-wrapper\">\n\t\t\t\t\t<a class=\"elementor-button elementor-button-link elementor-size-sm\" href=\"https:\/\/sperandio.org\/?page_id=13431\">\n\t\t\t\t\t\t<span class=\"elementor-button-content-wrapper\">\n\t\t\t\t\t\t<span class=\"elementor-button-icon\">\n\t\t\t\t<i aria-hidden=\"true\" class=\"fas fa-birthday-cake\"><\/i>\t\t\t<\/span>\n\t\t\t\t\t\t\t\t\t<span class=\"elementor-button-text\">Aniversariante do dia ... <\/span>\n\t\t\t\t\t<\/span>\n\t\t\t\t\t<\/a>\n\t\t\t\t<\/div>\n\t\t\t\t\t\t\t\t<\/div>\n\t\t\t\t<\/div>\n\t\t\t\t\t<\/div>\n\t\t<\/div>\n\t\t\t\t\t<\/div>\n\t\t<\/section>\n\t\t\t\t<section class=\"elementor-section elementor-top-section elementor-element elementor-element-7fdd4aa elementor-section-boxed elementor-section-height-default elementor-section-height-default\" data-id=\"7fdd4aa\" data-element_type=\"section\" data-e-type=\"section\">\n\t\t\t\t\t\t<div class=\"elementor-container elementor-column-gap-default\">\n\t\t\t\t\t<div class=\"elementor-column elementor-col-100 elementor-top-column elementor-element elementor-element-0d15562\" data-id=\"0d15562\" data-element_type=\"column\" data-e-type=\"column\">\n\t\t\t<div class=\"elementor-widget-wrap elementor-element-populated\">\n\t\t\t\t\t\t<div class=\"elementor-element elementor-element-13d7acf elementor-widget-divider--separator-type-pattern elementor-widget-divider--no-spacing elementor-widget-divider--view-line elementor-widget elementor-widget-divider\" data-id=\"13d7acf\" data-element_type=\"widget\" data-e-type=\"widget\" data-widget_type=\"divider.default\">\n\t\t\t\t<div class=\"elementor-widget-container\">\n\t\t\t\t\t\t\t<div class=\"elementor-divider\" style=\"--divider-pattern-url: url(&quot;data:image\/svg+xml,%3Csvg xmlns=&#039;http:\/\/www.w3.org\/2000\/svg&#039; preserveAspectRatio=&#039;none&#039; overflow=&#039;visible&#039; height=&#039;100%&#039; viewBox=&#039;0 0 24 24&#039; fill=&#039;black&#039; stroke=&#039;none&#039;%3E%3Cpath d=&#039;M24,8v12H0V8H24z M24,4v1H0V4H24z&#039;\/%3E%3C\/svg%3E&quot;);\">\n\t\t\t<span class=\"elementor-divider-separator\">\n\t\t\t\t\t\t<\/span>\n\t\t<\/div>\n\t\t\t\t\t\t<\/div>\n\t\t\t\t<\/div>\n\t\t\t\t\t<\/div>\n\t\t<\/div>\n\t\t\t\t\t<\/div>\n\t\t<\/section>\n\t\t\t\t<section class=\"elementor-section elementor-top-section elementor-element elementor-element-2c84dc3 elementor-section-boxed elementor-section-height-default elementor-section-height-default\" data-id=\"2c84dc3\" data-element_type=\"section\" data-e-type=\"section\">\n\t\t\t\t\t\t<div class=\"elementor-container elementor-column-gap-default\">\n\t\t\t\t\t<div class=\"elementor-column elementor-col-100 elementor-top-column elementor-element elementor-element-5c16a3e\" data-id=\"5c16a3e\" data-element_type=\"column\" data-e-type=\"column\">\n\t\t\t<div class=\"elementor-widget-wrap elementor-element-populated\">\n\t\t\t\t\t\t<div class=\"elementor-element elementor-element-4e87b93 elementor-widget elementor-widget-text-editor\" data-id=\"4e87b93\" data-element_type=\"widget\" data-e-type=\"widget\" data-widget_type=\"text-editor.default\">\n\t\t\t\t<div class=\"elementor-widget-container\">\n\t\t\t\t\t\t\t\t\t<p>Ol\u00e1! Se voc\u00ea \u00e9 membro de nossa fam\u00edlia , mas seu nome ainda n\u00e3o consta em nossos registros, por gentileza, envie mensagem para (48) 9 8456 7000, ou para o e-mail <a href=\"mailto:pro.sperandio@gmail.com\">pro.sperandio@gmail.com<\/a>, com seu nome completo e data de anivers\u00e1rio, e n\u00f3s adicionaremos em nossa base de dados.<\/p>\t\t\t\t\t\t\t\t<\/div>\n\t\t\t\t<\/div>\n\t\t\t\t\t<\/div>\n\t\t<\/div>\n\t\t\t\t\t<\/div>\n\t\t<\/section>\n\t\t\t\t<\/div>\n\t\t","protected":false},"excerpt":{"rendered":"<p>Aniversariantes Dia Maria Vit\u00f3ria (Filha Claudia) 3 Gabriela Vargas (Filha Da Mariah) 7 Romilda Sperandio 7 Sandra Almeida Sperandio 8 Nicole Sperandio 12 M\u00e1rio Sperandio 14 Luize Christine 16 Gabriel [&hellip;]<\/p>\n","protected":false},"author":1,"featured_media":13647,"parent":656,"menu_order":9,"comment_status":"closed","ping_status":"closed","template":"","meta":{"_acf_changed":false,"footnotes":""},"class_list":["post-13274","page","type-page","status-publish","has-post-thumbnail","hentry"],"acf":[],"_links":{"self":[{"href":"https:\/\/sperandio.org\/index.php\/wp-json\/wp\/v2\/pages\/13274","targetHints":{"allow":["GET"]}}],"collection":[{"href":"https:\/\/sperandio.org\/index.php\/wp-json\/wp\/v2\/pages"}],"about":[{"href":"https:\/\/sperandio.org\/index.php\/wp-json\/wp\/v2\/types\/page"}],"author":[{"embeddable":true,"href":"https:\/\/sperandio.org\/index.php\/wp-json\/wp\/v2\/users\/1"}],"replies":[{"embeddable":true,"href":"https:\/\/sperandio.org\/index.php\/wp-json\/wp\/v2\/comments?post=13274"}],"version-history":[{"count":82,"href":"https:\/\/sperandio.org\/index.php\/wp-json\/wp\/v2\/pages\/13274\/revisions"}],"predecessor-version":[{"id":15195,"href":"https:\/\/sperandio.org\/index.php\/wp-json\/wp\/v2\/pages\/13274\/revisions\/15195"}],"up":[{"embeddable":true,"href":"https:\/\/sperandio.org\/index.php\/wp-json\/wp\/v2\/pages\/656"}],"wp:featuredmedia":[{"embeddable":true,"href":"https:\/\/sperandio.org\/index.php\/wp-json\/wp\/v2\/media\/13647"}],"wp:attachment":[{"href":"https:\/\/sperandio.org\/index.php\/wp-json\/wp\/v2\/media?parent=13274"}],"curies":[{"name":"wp","href":"https:\/\/api.w.org\/{rel}","templated":true}]}}